{"id":14471,"date":"2025-01-25T10:06:01","date_gmt":"2025-01-25T09:06:01","guid":{"rendered":"https:\/\/mdbouwmachines.be\/product\/zlacze-typu-b\/"},"modified":"2025-01-25T10:06:01","modified_gmt":"2025-01-25T09:06:01","slug":"zlacze-typu-b","status":"publish","type":"product","link":"https:\/\/mdbouwmachines.be\/pl\/produkt\/zlacze-typu-b\/","title":{"rendered":"Z\u0142\u0105cze typu B"},"content":{"rendered":"","protected":false},"excerpt":{"rendered":"<p>Dylatacje\/dylatacje dost\u0119pne w r\u00f3\u017cnych wysoko\u015bciach. Unikaj skalecze\u0144, umieszczaj\u0105c te po\u0142\u0105czenia, nadaj\u0105c im czystszy wygl\u0105d. Dost\u0119pne tylko w d\u0142ugo\u015bciach na 3 metry, na 1 palecie jest 69 metr\u00f3w. Cena jest podana za metr.   <\/p>\n","protected":false},"featured_media":9469,"template":"","meta":{"_acf_changed":false},"product_brand":[1243],"product_cat":[788],"product_tag":[],"class_list":{"0":"post-14471","1":"product","2":"type-product","3":"status-publish","4":"has-post-thumbnail","6":"product_brand-tieppo-pl","7":"product_cat-dylatacje","9":"first","10":"instock","11":"taxable","12":"shipping-taxable","13":"purchasable","14":"product-type-variable","15":"has-default-attributes"},"acf":[],"_links":{"self":[{"href":"https:\/\/mdbouwmachines.be\/pl\/wp-json\/wp\/v2\/product\/14471","targetHints":{"allow":["GET"]}}],"collection":[{"href":"https:\/\/mdbouwmachines.be\/pl\/wp-json\/wp\/v2\/product"}],"about":[{"href":"https:\/\/mdbouwmachines.be\/pl\/wp-json\/wp\/v2\/types\/product"}],"wp:featuredmedia":[{"embeddable":true,"href":"https:\/\/mdbouwmachines.be\/pl\/wp-json\/wp\/v2\/media\/9469"}],"wp:attachment":[{"href":"https:\/\/mdbouwmachines.be\/pl\/wp-json\/wp\/v2\/media?parent=14471"}],"wp:term":[{"taxonomy":"product_brand","embeddable":true,"href":"https:\/\/mdbouwmachines.be\/pl\/wp-json\/wp\/v2\/product_brand?post=14471"},{"taxonomy":"product_cat","embeddable":true,"href":"https:\/\/mdbouwmachines.be\/pl\/wp-json\/wp\/v2\/product_cat?post=14471"},{"taxonomy":"product_tag","embeddable":true,"href":"https:\/\/mdbouwmachines.be\/pl\/wp-json\/wp\/v2\/product_tag?post=14471"}],"curies":[{"name":"wp","href":"https:\/\/api.w.org\/{rel}","templated":true}]}}