{"id":14273,"date":"2025-02-12T14:58:21","date_gmt":"2025-02-12T13:58:21","guid":{"rendered":"https:\/\/mdbouwmachines.be\/product\/wygaszacz-plywakow\/"},"modified":"2025-02-12T18:02:58","modified_gmt":"2025-02-12T17:02:58","slug":"wygaszacz-plywakow","status":"publish","type":"product","link":"https:\/\/mdbouwmachines.be\/pl\/produkt\/wygaszacz-plywakow\/","title":{"rendered":"Wygaszacz patelni p\u0142ywakowej"},"content":{"rendered":"","protected":false},"excerpt":{"rendered":"<p>Pi\u0119kny system opracowany w celu osi\u0105gni\u0119cia optymalnego zwrotu zu\u017cycia przednich tarcz roboczych dla ci\u0119\u017cszych maszyn, takich jak ALLEN, Whiteman, CONMEC, Ab Lindec.<\/p>\n<p>Zalety:<br \/>\u2013 Szybsze godziny pracy<br \/>\u2013 Tarcze przygotowawcze mog\u0105 wytrzyma\u0107 znacznie d\u0142u\u017cej<br \/>\u2013 Zmniejszone koszty konserwacji<br \/>\u2013 Mniej przestoj\u00f3w<br \/>\u2013 Zminimalizowane ryzyko wypadk\u00f3w<\/p>\n<p>Pe\u0142ny zestaw = 12 sztuk (na rami\u0119)<br \/>W pe\u0142ni opatentowany i dost\u0119pny u nas na ca\u0142\u0105 Europ\u0119.<\/p>\n","protected":false},"featured_media":14256,"template":"","meta":{"_acf_changed":false},"product_brand":[1131],"product_cat":[362],"product_tag":[],"class_list":{"0":"post-14273","1":"product","2":"type-product","3":"status-publish","4":"has-post-thumbnail","6":"product_brand-md-bouwmachines-pl","7":"product_cat-podwojne-maszyny-polerskie","9":"first","10":"instock","11":"taxable","12":"shipping-taxable","13":"purchasable","14":"product-type-variable","15":"has-default-attributes"},"acf":[],"_links":{"self":[{"href":"https:\/\/mdbouwmachines.be\/pl\/wp-json\/wp\/v2\/product\/14273","targetHints":{"allow":["GET"]}}],"collection":[{"href":"https:\/\/mdbouwmachines.be\/pl\/wp-json\/wp\/v2\/product"}],"about":[{"href":"https:\/\/mdbouwmachines.be\/pl\/wp-json\/wp\/v2\/types\/product"}],"wp:featuredmedia":[{"embeddable":true,"href":"https:\/\/mdbouwmachines.be\/pl\/wp-json\/wp\/v2\/media\/14256"}],"wp:attachment":[{"href":"https:\/\/mdbouwmachines.be\/pl\/wp-json\/wp\/v2\/media?parent=14273"}],"wp:term":[{"taxonomy":"product_brand","embeddable":true,"href":"https:\/\/mdbouwmachines.be\/pl\/wp-json\/wp\/v2\/product_brand?post=14273"},{"taxonomy":"product_cat","embeddable":true,"href":"https:\/\/mdbouwmachines.be\/pl\/wp-json\/wp\/v2\/product_cat?post=14273"},{"taxonomy":"product_tag","embeddable":true,"href":"https:\/\/mdbouwmachines.be\/pl\/wp-json\/wp\/v2\/product_tag?post=14273"}],"curies":[{"name":"wp","href":"https:\/\/api.w.org\/{rel}","templated":true}]}}