{"id":14161,"date":"2025-02-12T12:02:00","date_gmt":"2025-02-12T11:02:00","guid":{"rendered":"https:\/\/mdbouwmachines.be\/product\/wysiegnik-akumulatora-cbls-300e\/"},"modified":"2025-02-12T14:26:50","modified_gmt":"2025-02-12T13:26:50","slug":"wysiegnik-akumulatora-cbls-300e","status":"publish","type":"product","link":"https:\/\/mdbouwmachines.be\/pl\/produkt\/wysiegnik-akumulatora-cbls-300e\/","title":{"rendered":"Wysi\u0119gnik akumulatora CBLS-300E"},"content":{"rendered":"","protected":false},"excerpt":{"rendered":"<p>Laserowy jastrych betonowy z wysi\u0119gnikiem akumulatorowym stale ro\u015bnie dzi\u0119ki wysokiej wydajno\u015bci w zakresie innowacyjnych i wydajnych rozwi\u0105za\u0144 do uk\u0142adania i sortowania betonu. Wysi\u0119gnik teleskopowy o d\u0142ugo\u015bci 6 metr\u00f3w si\u0119ga ponad i umo\u017cliwia si\u0119ganie ponad zbrojenie poziome, siatk\u0119 lub inne rodzaje zbrojenia betonu. Wydajny uk\u0142ad hydrauliczny steruje wysoko\u015bci\u0105 i samopoziomuj\u0105c\u0105 g\u0142owic\u0105 wylewki, aby utrzyma\u0107 nachylenie, co skutkuje lepszym wyr\u00f3wnaniem posadzki nawet przy wylewaniu betonu o ma\u0142ej obj\u0119to\u015bci.  <\/p>\n","protected":false},"featured_media":14016,"template":"","meta":{"_acf_changed":false},"product_brand":[1219],"product_cat":[673],"product_tag":[],"class_list":{"0":"post-14161","1":"product","2":"type-product","3":"status-publish","4":"has-post-thumbnail","6":"product_brand-conmec-pl","7":"product_cat-stoly-laserowe","9":"first","10":"instock","11":"taxable","12":"shipping-taxable","13":"purchasable","14":"product-type-simple"},"acf":[],"_links":{"self":[{"href":"https:\/\/mdbouwmachines.be\/pl\/wp-json\/wp\/v2\/product\/14161","targetHints":{"allow":["GET"]}}],"collection":[{"href":"https:\/\/mdbouwmachines.be\/pl\/wp-json\/wp\/v2\/product"}],"about":[{"href":"https:\/\/mdbouwmachines.be\/pl\/wp-json\/wp\/v2\/types\/product"}],"wp:featuredmedia":[{"embeddable":true,"href":"https:\/\/mdbouwmachines.be\/pl\/wp-json\/wp\/v2\/media\/14016"}],"wp:attachment":[{"href":"https:\/\/mdbouwmachines.be\/pl\/wp-json\/wp\/v2\/media?parent=14161"}],"wp:term":[{"taxonomy":"product_brand","embeddable":true,"href":"https:\/\/mdbouwmachines.be\/pl\/wp-json\/wp\/v2\/product_brand?post=14161"},{"taxonomy":"product_cat","embeddable":true,"href":"https:\/\/mdbouwmachines.be\/pl\/wp-json\/wp\/v2\/product_cat?post=14161"},{"taxonomy":"product_tag","embeddable":true,"href":"https:\/\/mdbouwmachines.be\/pl\/wp-json\/wp\/v2\/product_tag?post=14161"}],"curies":[{"name":"wp","href":"https:\/\/api.w.org\/{rel}","templated":true}]}}