{"id":14156,"date":"2025-02-12T12:02:02","date_gmt":"2025-02-12T11:02:02","guid":{"rendered":"https:\/\/mdbouwmachines.be\/product\/rozsiewacz-oglawiaczy-drzew-cbts200\/"},"modified":"2025-02-12T18:03:00","modified_gmt":"2025-02-12T17:03:00","slug":"rozsiewacz-oglawiaczy-drzew-cbts200","status":"publish","type":"product","link":"https:\/\/mdbouwmachines.be\/pl\/produkt\/rozsiewacz-oglawiaczy-drzew-cbts200\/","title":{"rendered":"Rozsiewacz og\u0142awiaczy drzew CBTS200"},"content":{"rendered":"","protected":false},"excerpt":{"rendered":"<p>Rozprowad\u017a szerok\u0105 gam\u0119 dodatk\u00f3w do wytrz\u0105sania za pomoc\u0105 rozsiewacza Boom Topping. Unikalna, wszechstronna konstrukcja charakteryzuje si\u0119 technik\u0105 za\u0142adunku o niskim zapyleniu ze szczotkami wlotowymi, miejscem do przechowywania do dwudziestu work\u00f3w o wadze 22,7 kg i kompaktow\u0105 maszyn\u0105 u\u0142atwiaj\u0105c\u0105 transport. CBTS200 Rozsiewacz posypki oferuje dok\u0142adno\u015b\u0107 zraszania, kt\u00f3ra pozwala na rozprowadzanie dodatk\u00f3w wstrz\u0105saj\u0105cych z drobnego materia\u0142u na upuszczanie kamienia.  <\/p>\n","protected":false},"featured_media":14028,"template":"","meta":{"_acf_changed":false},"product_brand":[1219],"product_cat":[673],"product_tag":[],"class_list":{"0":"post-14156","1":"product","2":"type-product","3":"status-publish","4":"has-post-thumbnail","6":"product_brand-conmec-pl","7":"product_cat-stoly-laserowe","8":"pa_vermogen-44-pk-pl","10":"first","11":"instock","12":"taxable","13":"shipping-taxable","14":"purchasable","15":"product-type-simple"},"acf":[],"_links":{"self":[{"href":"https:\/\/mdbouwmachines.be\/pl\/wp-json\/wp\/v2\/product\/14156","targetHints":{"allow":["GET"]}}],"collection":[{"href":"https:\/\/mdbouwmachines.be\/pl\/wp-json\/wp\/v2\/product"}],"about":[{"href":"https:\/\/mdbouwmachines.be\/pl\/wp-json\/wp\/v2\/types\/product"}],"wp:featuredmedia":[{"embeddable":true,"href":"https:\/\/mdbouwmachines.be\/pl\/wp-json\/wp\/v2\/media\/14028"}],"wp:attachment":[{"href":"https:\/\/mdbouwmachines.be\/pl\/wp-json\/wp\/v2\/media?parent=14156"}],"wp:term":[{"taxonomy":"product_brand","embeddable":true,"href":"https:\/\/mdbouwmachines.be\/pl\/wp-json\/wp\/v2\/product_brand?post=14156"},{"taxonomy":"product_cat","embeddable":true,"href":"https:\/\/mdbouwmachines.be\/pl\/wp-json\/wp\/v2\/product_cat?post=14156"},{"taxonomy":"product_tag","embeddable":true,"href":"https:\/\/mdbouwmachines.be\/pl\/wp-json\/wp\/v2\/product_tag?post=14156"}],"curies":[{"name":"wp","href":"https:\/\/api.w.org\/{rel}","templated":true}]}}