{"id":14143,"date":"2025-02-12T12:02:05","date_gmt":"2025-02-12T11:02:05","guid":{"rendered":"https:\/\/mdbouwmachines.be\/product\/spacer-za-cls-e260e\/"},"modified":"2025-02-12T18:16:44","modified_gmt":"2025-02-12T17:16:44","slug":"spacer-za-cls-e260e","status":"publish","type":"product","link":"https:\/\/mdbouwmachines.be\/pl\/produkt\/spacer-za-cls-e260e\/","title":{"rendered":"Spacer za CLS-E260E"},"content":{"rendered":"","protected":false},"excerpt":{"rendered":"<p>Spacer za CLS wykorzystuje zaawansowan\u0105 technologi\u0119 poziomowania laserowego, aby doprowadzi\u0107 do ko\u0144cowego nachylenia, wyko\u0144czy\u0107 i wibrowa\u0107 g\u0142adko w jednym przej\u015bciu. Mo\u017cesz pracowa\u0107 szybciej, poniewa\u017c st\u00f3\u0142 automatycznie ustawia nachylenie, dzi\u0119ki czemu operator mo\u017ce szybko i sprawnie porusza\u0107 si\u0119 po obszarze roboczym. Kompaktowa i lekka konstrukcja jastrychu zapewnia \u0142atwo\u015b\u0107 obs\u0142ugi.  <\/p>\n","protected":false},"featured_media":14046,"template":"","meta":{"_acf_changed":false},"product_brand":[1219],"product_cat":[673],"product_tag":[],"class_list":{"0":"post-14143","1":"product","2":"type-product","3":"status-publish","4":"has-post-thumbnail","6":"product_brand-conmec-pl","7":"product_cat-stoly-laserowe","8":"pa_vermogen-6-5-pk-pl","10":"first","11":"instock","12":"taxable","13":"shipping-taxable","14":"purchasable","15":"product-type-simple"},"acf":[],"_links":{"self":[{"href":"https:\/\/mdbouwmachines.be\/pl\/wp-json\/wp\/v2\/product\/14143","targetHints":{"allow":["GET"]}}],"collection":[{"href":"https:\/\/mdbouwmachines.be\/pl\/wp-json\/wp\/v2\/product"}],"about":[{"href":"https:\/\/mdbouwmachines.be\/pl\/wp-json\/wp\/v2\/types\/product"}],"wp:featuredmedia":[{"embeddable":true,"href":"https:\/\/mdbouwmachines.be\/pl\/wp-json\/wp\/v2\/media\/14046"}],"wp:attachment":[{"href":"https:\/\/mdbouwmachines.be\/pl\/wp-json\/wp\/v2\/media?parent=14143"}],"wp:term":[{"taxonomy":"product_brand","embeddable":true,"href":"https:\/\/mdbouwmachines.be\/pl\/wp-json\/wp\/v2\/product_brand?post=14143"},{"taxonomy":"product_cat","embeddable":true,"href":"https:\/\/mdbouwmachines.be\/pl\/wp-json\/wp\/v2\/product_cat?post=14143"},{"taxonomy":"product_tag","embeddable":true,"href":"https:\/\/mdbouwmachines.be\/pl\/wp-json\/wp\/v2\/product_tag?post=14143"}],"curies":[{"name":"wp","href":"https:\/\/api.w.org\/{rel}","templated":true}]}}