{"id":14137,"date":"2025-02-12T12:02:05","date_gmt":"2025-02-12T11:02:05","guid":{"rendered":"https:\/\/mdbouwmachines.be\/product\/bialy-estxdf\/"},"modified":"2025-02-12T20:38:18","modified_gmt":"2025-02-12T19:38:18","slug":"bialy-estxdf","status":"publish","type":"product","link":"https:\/\/mdbouwmachines.be\/pl\/produkt\/bialy-estxdf\/","title":{"rendered":"Bia\u0142y ESTXDF"},"content":{"rendered":"<p><strong>Mocny silnik Forda o mocy 84 KM benzyna LPG<br \/><\/strong>Wytwarza optymalny moment obrotowy dla garnk\u00f3w i dostarcza wi\u0119cej mocy na pod\u0142og\u0119 do spalania<\/p>\n<p><strong>Aktywna regulacja pr\u0119dko\u015bci obrotowej<br \/><\/strong>Umo\u017cliwia operatorowi dok\u0142adne ustawienie pr\u0119dko\u015bci wirnika za pomoc\u0105 interfejsu cyfrowego. Aktywnie monitoruje sta\u0142\u0105 pr\u0119dko\u015b\u0107 wirnika w r\u00f3\u017cnych warunkach obci\u0105\u017cenia <\/p>\n<p><strong>Pe\u0142ny system hydrostatyczny<br \/><\/strong>Pompa o zmiennym wydatku i promieniowe silniki nap\u0119dowe t\u0142okowe zwi\u0119kszaj\u0105 og\u00f3ln\u0105 wydajno\u015b\u0107 systemu<\/p>\n","protected":false},"excerpt":{"rendered":"<p>Hydrauliczna zacieraczka samojezdna MQ Whiteman ESTXDF 2&#215;156 cm zosta\u0142a przeprojektowana od podstaw, aby zapewni\u0107 maksymaln\u0105 moc potrzebn\u0105 do p\u0142ukania i wypalania. Dzi\u0119ki dodatkowej opcji zasilania gazem LPG (z odpowiedni\u0105 wentylacj\u0105) lub benzyn\u0105, ta innowacyjna konstrukcja mo\u017ce r\u00f3wnie\u017c wyd\u0142u\u017cy\u0107 ca\u0142kowity czas pracy w por\u00f3wnaniu ze standardowymi modelami jednopaliwowymi o 35%. <\/p>\n","protected":false},"featured_media":14053,"template":"","meta":{"_acf_changed":false},"product_brand":[1247],"product_cat":[362],"product_tag":[],"class_list":{"0":"post-14137","1":"product","2":"type-product","3":"status-publish","4":"has-post-thumbnail","6":"product_brand-whiteman-pl","7":"product_cat-podwojne-maszyny-polerskie","9":"first","10":"instock","11":"taxable","12":"shipping-taxable","13":"purchasable","14":"product-type-simple"},"acf":[],"_links":{"self":[{"href":"https:\/\/mdbouwmachines.be\/pl\/wp-json\/wp\/v2\/product\/14137","targetHints":{"allow":["GET"]}}],"collection":[{"href":"https:\/\/mdbouwmachines.be\/pl\/wp-json\/wp\/v2\/product"}],"about":[{"href":"https:\/\/mdbouwmachines.be\/pl\/wp-json\/wp\/v2\/types\/product"}],"wp:featuredmedia":[{"embeddable":true,"href":"https:\/\/mdbouwmachines.be\/pl\/wp-json\/wp\/v2\/media\/14053"}],"wp:attachment":[{"href":"https:\/\/mdbouwmachines.be\/pl\/wp-json\/wp\/v2\/media?parent=14137"}],"wp:term":[{"taxonomy":"product_brand","embeddable":true,"href":"https:\/\/mdbouwmachines.be\/pl\/wp-json\/wp\/v2\/product_brand?post=14137"},{"taxonomy":"product_cat","embeddable":true,"href":"https:\/\/mdbouwmachines.be\/pl\/wp-json\/wp\/v2\/product_cat?post=14137"},{"taxonomy":"product_tag","embeddable":true,"href":"https:\/\/mdbouwmachines.be\/pl\/wp-json\/wp\/v2\/product_tag?post=14137"}],"curies":[{"name":"wp","href":"https:\/\/api.w.org\/{rel}","templated":true}]}}