{"id":14123,"date":"2025-02-12T12:02:09","date_gmt":"2025-02-12T11:02:09","guid":{"rendered":"https:\/\/mdbouwmachines.be\/product\/imbus-hdx-600\/"},"modified":"2025-06-23T12:36:51","modified_gmt":"2025-06-23T11:36:51","slug":"imbus-hdx-600","status":"publish","type":"product","link":"https:\/\/mdbouwmachines.be\/pl\/produkt\/imbus-hdx-600\/","title":{"rendered":"Imbus HDX 600"},"content":{"rendered":"","protected":false},"excerpt":{"rendered":"<p>Model HDX600 zosta\u0142 zaprojektowany z my\u015bl\u0105 o wykonawcach betonu p\u0142askiego o du\u017cej obj\u0119to\u015bci. Ta kielnia nap\u0119dowa jest wyposa\u017cona w specjalne tryby p\u0142ukania\/wyka\u0144czania, cyfrowe odczyty do dok\u0142adnego poziomu paliwa i diagnostyki oraz du\u017cy zbiornik paliwa o pojemno\u015bci 13 galon\u00f3w na d\u0142u\u017cszy czas. Jest r\u00f3wnie\u017c wyposa\u017cony w wydajne pompy, kt\u00f3re pomagaj\u0105 utrzyma\u0107 doskona\u0142y moment obrotowy nawet przy du\u017cych pr\u0119dko\u015bciach wirnika. To sprawia, \u017ce maszyna doskonale nadaje si\u0119 do panoramowania lub wyka\u0144czania.   <\/p>\n","protected":false},"featured_media":18178,"template":"","meta":{"_acf_changed":false},"product_brand":[1232],"product_cat":[362],"product_tag":[],"class_list":{"0":"post-14123","1":"product","2":"type-product","3":"status-publish","4":"has-post-thumbnail","6":"product_brand-allen-pl","7":"product_cat-podwojne-maszyny-polerskie","9":"first","10":"instock","11":"taxable","12":"shipping-taxable","13":"purchasable","14":"product-type-simple"},"acf":[],"_links":{"self":[{"href":"https:\/\/mdbouwmachines.be\/pl\/wp-json\/wp\/v2\/product\/14123","targetHints":{"allow":["GET"]}}],"collection":[{"href":"https:\/\/mdbouwmachines.be\/pl\/wp-json\/wp\/v2\/product"}],"about":[{"href":"https:\/\/mdbouwmachines.be\/pl\/wp-json\/wp\/v2\/types\/product"}],"wp:featuredmedia":[{"embeddable":true,"href":"https:\/\/mdbouwmachines.be\/pl\/wp-json\/wp\/v2\/media\/18178"}],"wp:attachment":[{"href":"https:\/\/mdbouwmachines.be\/pl\/wp-json\/wp\/v2\/media?parent=14123"}],"wp:term":[{"taxonomy":"product_brand","embeddable":true,"href":"https:\/\/mdbouwmachines.be\/pl\/wp-json\/wp\/v2\/product_brand?post=14123"},{"taxonomy":"product_cat","embeddable":true,"href":"https:\/\/mdbouwmachines.be\/pl\/wp-json\/wp\/v2\/product_cat?post=14123"},{"taxonomy":"product_tag","embeddable":true,"href":"https:\/\/mdbouwmachines.be\/pl\/wp-json\/wp\/v2\/product_tag?post=14123"}],"curies":[{"name":"wp","href":"https:\/\/api.w.org\/{rel}","templated":true}]}}