{"id":14120,"date":"2025-02-12T12:02:06","date_gmt":"2025-02-12T11:02:06","guid":{"rendered":"https:\/\/mdbouwmachines.be\/product\/bialy-czlowiek-md80\/"},"modified":"2025-02-12T20:36:32","modified_gmt":"2025-02-12T19:36:32","slug":"bialy-czlowiek-md80","status":"publish","type":"product","link":"https:\/\/mdbouwmachines.be\/pl\/produkt\/bialy-czlowiek-md80\/","title":{"rendered":"Bia\u0142y cz\u0142owiek MD80"},"content":{"rendered":"","protected":false},"excerpt":{"rendered":"<p>Najnowszy dodatek do naszej rodziny rower\u00f3w hydrostatycznych zosta\u0142 zaprojektowany tak, aby zapewni\u0107 doskona\u0142\u0105 wydajno\u015b\u0107 i bezproblemow\u0105 prac\u0119. Mocny silnik Vanguard o mocy 40 KM zapewnia moment obrotowy potrzebny do obracania, a podw\u00f3jne sze\u015bcio\u0142opatowe wirniki doprowadz\u0105 Ci\u0119 do ko\u0144cowego wyko\u0144czenia. <\/p>\n","protected":false},"featured_media":14065,"template":"","meta":{"_acf_changed":false},"product_brand":[1247],"product_cat":[362],"product_tag":[],"class_list":{"0":"post-14120","1":"product","2":"type-product","3":"status-publish","4":"has-post-thumbnail","6":"product_brand-whiteman-pl","7":"product_cat-podwojne-maszyny-polerskie","9":"first","10":"instock","11":"taxable","12":"shipping-taxable","13":"purchasable","14":"product-type-simple"},"acf":[],"_links":{"self":[{"href":"https:\/\/mdbouwmachines.be\/pl\/wp-json\/wp\/v2\/product\/14120","targetHints":{"allow":["GET"]}}],"collection":[{"href":"https:\/\/mdbouwmachines.be\/pl\/wp-json\/wp\/v2\/product"}],"about":[{"href":"https:\/\/mdbouwmachines.be\/pl\/wp-json\/wp\/v2\/types\/product"}],"wp:featuredmedia":[{"embeddable":true,"href":"https:\/\/mdbouwmachines.be\/pl\/wp-json\/wp\/v2\/media\/14065"}],"wp:attachment":[{"href":"https:\/\/mdbouwmachines.be\/pl\/wp-json\/wp\/v2\/media?parent=14120"}],"wp:term":[{"taxonomy":"product_brand","embeddable":true,"href":"https:\/\/mdbouwmachines.be\/pl\/wp-json\/wp\/v2\/product_brand?post=14120"},{"taxonomy":"product_cat","embeddable":true,"href":"https:\/\/mdbouwmachines.be\/pl\/wp-json\/wp\/v2\/product_cat?post=14120"},{"taxonomy":"product_tag","embeddable":true,"href":"https:\/\/mdbouwmachines.be\/pl\/wp-json\/wp\/v2\/product_tag?post=14120"}],"curies":[{"name":"wp","href":"https:\/\/api.w.org\/{rel}","templated":true}]}}