{"id":13989,"date":"2025-01-24T09:53:47","date_gmt":"2025-01-24T08:53:47","guid":{"rendered":"https:\/\/mdbouwmachines.be\/product\/honda-eu10is\/"},"modified":"2025-06-23T12:28:51","modified_gmt":"2025-06-23T11:28:51","slug":"honda-eu10is","status":"publish","type":"product","link":"https:\/\/mdbouwmachines.be\/pl\/produkt\/honda-eu10is\/","title":{"rendered":"Honda EU10i"},"content":{"rendered":"","protected":false},"excerpt":{"rendered":"<p><strong>Generator:<\/strong><\/p>\n<table>\n<tbody>\n<tr>\n<td colspan=\"1\" rowspan=\"1\">\n<p>Regulacja napi\u0119cia<\/p>\n<\/td>\n<td colspan=\"1\" rowspan=\"1\">\n<p>Falownik<\/p>\n<\/td>\n<\/tr>\n<tr>\n<td colspan=\"1\" rowspan=\"1\">\n<p>Typ<\/p>\n<\/td>\n<td colspan=\"1\" rowspan=\"1\">\n<p>Jednofazowy<\/p>\n<\/td>\n<\/tr>\n<tr>\n<td colspan=\"1\" rowspan=\"1\">\n<p>Maks. moc (230 V) (W)  <\/p>\n<\/td>\n<td colspan=\"1\" rowspan=\"1\">\n<p>1000<\/p>\n<\/td>\n<\/tr>\n<tr>\n<td colspan=\"1\" rowspan=\"1\">\n<p>Moc ci\u0105g\u0142a (230 V) (W)  <\/p>\n<\/td>\n<td colspan=\"1\" rowspan=\"1\">\n<p>900<\/p>\n<\/td>\n<\/tr>\n<tr>\n<td colspan=\"1\" rowspan=\"1\">\n<p>Napi\u0119cie znamionowe (V)<\/p>\n<\/td>\n<td colspan=\"1\" rowspan=\"1\">\n<p>230<\/p>\n<\/td>\n<\/tr>\n<tr>\n<td colspan=\"1\" rowspan=\"1\">\n<p>Cz\u0119stotliwo\u015b\u0107 nominalna (Hz)<\/p>\n<\/td>\n<td colspan=\"1\" rowspan=\"1\">\n<p>50<\/p>\n<\/td>\n<\/tr>\n<tr>\n<td colspan=\"1\" rowspan=\"1\">\n<p>Pr\u0105d (maksymalny) (A)<\/p>\n<\/td>\n<td colspan=\"1\" rowspan=\"1\">\n<p>3,9<\/p>\n<\/td>\n<\/tr>\n<tr>\n<td colspan=\"1\" rowspan=\"1\">\n<p>Wyj\u015bcie pr\u0105du sta\u0142ego<\/p>\n<\/td>\n<td colspan=\"1\" rowspan=\"1\">\n<p>12V \/ 8A<\/p>\n<\/td>\n<\/tr>\n<\/tbody>\n<\/table>\n<p style=\"text-align: start\">&nbsp;<\/p>\n<p style=\"text-align: start\"><strong>Silnik:<\/strong><\/p>\n<table>\n<tbody>\n<tr>\n<td colspan=\"1\" rowspan=\"1\">\n<p>Silnik modelu<\/p>\n<\/td>\n<td colspan=\"1\" rowspan=\"1\">\n<p>GXH50<\/p>\n<\/td>\n<\/tr>\n<tr>\n<td colspan=\"1\" rowspan=\"1\">\n<p>Silnik<\/p>\n<\/td>\n<td colspan=\"1\" rowspan=\"1\">\n<p>4-suwowy, OHV, 1 cylinder<\/p>\n<\/td>\n<\/tr>\n<tr>\n<td colspan=\"1\" rowspan=\"1\">\n<p>Pojemno\u015b\u0107 cylindra (cm\u00b3)<\/p>\n<\/td>\n<td colspan=\"1\" rowspan=\"1\">\n<p>49.4<\/p>\n<\/td>\n<\/tr>\n<tr>\n<td colspan=\"1\" rowspan=\"1\">\n<p>\u015arednica x skok t\u0142oka (mm)<\/p>\n<\/td>\n<td colspan=\"1\" rowspan=\"1\">\n<p>Wymiary: 41,8 x 36 cali<\/p>\n<\/td>\n<\/tr>\n<tr>\n<td colspan=\"1\" rowspan=\"1\">\n<p>Pr\u0119dko\u015b\u0107 obrotowa silnika (obr.\/min.)<\/p>\n<\/td>\n<td colspan=\"1\" rowspan=\"1\">\n<p>maks. 4500<\/p>\n<\/td>\n<\/tr>\n<tr>\n<td colspan=\"1\" rowspan=\"1\">\n<p>Uk\u0142ad ch\u0142odzenia<\/p>\n<\/td>\n<td colspan=\"1\" rowspan=\"1\">\n<p>Wymuszone ch\u0142odzenie powietrzem<\/p>\n<\/td>\n<\/tr>\n<tr>\n<td colspan=\"1\" rowspan=\"1\">\n<p>Uk\u0142ad zap\u0142onowy<\/p>\n<\/td>\n<td colspan=\"1\" rowspan=\"1\">\n<p>Tranzystor<\/p>\n<\/td>\n<\/tr>\n<tr>\n<td colspan=\"1\" rowspan=\"1\">\n<p>Pojemno\u015b\u0107 oleju silnikowego (l)<\/p>\n<\/td>\n<td colspan=\"1\" rowspan=\"1\">\n<p>0,25<\/p>\n<\/td>\n<\/tr>\n<tr>\n<td colspan=\"1\" rowspan=\"1\">\n<p>Pojemno\u015b\u0107 zbiornika paliwa (l)<\/p>\n<\/td>\n<td colspan=\"1\" rowspan=\"1\">\n<p>2,1<\/p>\n<\/td>\n<\/tr>\n<tr>\n<td colspan=\"1\" rowspan=\"1\">\n<p>Czas pracy nominalnej<\/p>\n<\/td>\n<td colspan=\"1\" rowspan=\"1\">\n<p>3:30<\/p>\n<\/td>\n<\/tr>\n<tr>\n<td colspan=\"1\" rowspan=\"1\">\n<p>Uk\u0142ad startowy<\/p>\n<\/td>\n<td colspan=\"1\" rowspan=\"1\">\n<p>Rozpocz\u0119cie pr\u00f3by<\/p>\n<\/td>\n<\/tr>\n<tr>\n<td colspan=\"1\" rowspan=\"1\">\n<p>Poziom ha\u0142asu na stanowisku pracy (dB(A))<\/p>\n<\/td>\n<td colspan=\"1\" rowspan=\"1\">\n<p>70<\/p>\n<\/td>\n<\/tr>\n<tr>\n<td colspan=\"1\" rowspan=\"1\">\n<p>Gwarantowana moc d\u017awi\u0119ku. poziom (dB(A)) <\/p>\n<\/td>\n<td colspan=\"1\" rowspan=\"1\">\n<p>87<\/p>\n<\/td>\n<\/tr>\n<\/tbody>\n<\/table>\n","protected":false},"featured_media":9209,"template":"","meta":{"_acf_changed":false},"product_brand":[1196],"product_cat":[671],"product_tag":[],"class_list":{"0":"post-13989","1":"product","2":"type-product","3":"status-publish","4":"has-post-thumbnail","6":"product_brand-honda-pl","7":"product_cat-grupy-wladzy","9":"first","10":"instock","11":"sale","12":"taxable","13":"shipping-taxable","14":"purchasable","15":"product-type-simple"},"acf":[],"_links":{"self":[{"href":"https:\/\/mdbouwmachines.be\/pl\/wp-json\/wp\/v2\/product\/13989","targetHints":{"allow":["GET"]}}],"collection":[{"href":"https:\/\/mdbouwmachines.be\/pl\/wp-json\/wp\/v2\/product"}],"about":[{"href":"https:\/\/mdbouwmachines.be\/pl\/wp-json\/wp\/v2\/types\/product"}],"wp:featuredmedia":[{"embeddable":true,"href":"https:\/\/mdbouwmachines.be\/pl\/wp-json\/wp\/v2\/media\/9209"}],"wp:attachment":[{"href":"https:\/\/mdbouwmachines.be\/pl\/wp-json\/wp\/v2\/media?parent=13989"}],"wp:term":[{"taxonomy":"product_brand","embeddable":true,"href":"https:\/\/mdbouwmachines.be\/pl\/wp-json\/wp\/v2\/product_brand?post=13989"},{"taxonomy":"product_cat","embeddable":true,"href":"https:\/\/mdbouwmachines.be\/pl\/wp-json\/wp\/v2\/product_cat?post=13989"},{"taxonomy":"product_tag","embeddable":true,"href":"https:\/\/mdbouwmachines.be\/pl\/wp-json\/wp\/v2\/product_tag?post=13989"}],"curies":[{"name":"wp","href":"https:\/\/api.w.org\/{rel}","templated":true}]}}