{"id":13986,"date":"2025-01-24T09:53:47","date_gmt":"2025-01-24T09:53:47","guid":{"rendered":"https:\/\/mdbouwmachines.be\/product\/honda-eu22is\/"},"modified":"2025-06-20T09:58:16","modified_gmt":"2025-06-20T08:58:16","slug":"honda-eu22is","status":"publish","type":"product","link":"https:\/\/mdbouwmachines.be\/pl\/produkt\/honda-eu22is\/","title":{"rendered":"Honda EU22i"},"content":{"rendered":"","protected":false},"excerpt":{"rendered":"<p><strong>Regulacja napi\u0119cia:<\/strong> Falownik <strong><br \/>Typ:<\/strong> Jednofazowy<strong><br \/>Maks. moc (230 V) (W):    <\/strong>2200<strong><br \/>Moc ci\u0105g\u0142a (230 V) (W):    <\/strong>1800<strong><br \/>Napi\u0119cie znamionowe (V):  <\/strong>230<strong><br \/>Cz\u0119stotliwo\u015b\u0107 nominalna (Hz):  <\/strong>50<strong><br \/>Pr\u0105d (maksymalny) (A):  <\/strong>7,8<strong><br \/>Wyj\u015bcie DC:  <\/strong>12V \/ 8A<strong><br \/>Silnik modelu:  <\/strong>GXR120<strong><br \/>Silnik :<\/strong>  4-suwowy, OHV, 1 cylinder<strong><br \/>Pojemno\u015b\u0107 cylindra (cm\u00b3):  <\/strong>98.5<strong><br \/>\u015arednica x skok t\u0142oka (mm):  <\/strong>56&#215;40<strong><br \/>Pr\u0119dko\u015b\u0107 obrotowa silnika (obr.\/min):  <\/strong>Maksymalnie 5000<strong><br \/>Uk\u0142ad ch\u0142odzenia:  <\/strong>Wymuszone ch\u0142odzenie powietrzem<strong><br \/>Uk\u0142ad zap\u0142onowy:  <\/strong>Tranzystor<strong><br \/>Pojemno\u015b\u0107 oleju silnikowego (l):  <\/strong>0,4<strong><br \/>Pojemno\u015b\u0107 zbiornika paliwa (l):  <\/strong>3,6<strong><br \/>Czas pracy nominalnej:<\/strong>  3:30<strong><br \/>Uk\u0142ad startowy:  <\/strong>Rozpocz\u0119cie pr\u00f3by<strong><br \/>Poziom ha\u0142asu na stanowisku pracy (dB(A)):  <\/strong>71<strong><br \/>Gwarantowana moc d\u017awi\u0119ku. poziom (dB(A)) : <\/strong>  89 <strong><br \/>D\u0142ugo\u015b\u0107 (mm):<\/strong> 512 <strong><br \/>Szeroko\u015b\u0107 (mm):<\/strong> 290 <strong><br \/>Wysoko\u015b\u0107 (mm):<\/strong> 425 <strong><br \/>Waga (kg):<\/strong> 20,7<\/p>\n","protected":false},"featured_media":19045,"template":"","meta":{"_acf_changed":false},"product_brand":[1196],"product_cat":[671],"product_tag":[],"class_list":{"0":"post-13986","1":"product","2":"type-product","3":"status-publish","4":"has-post-thumbnail","6":"product_brand-honda-pl","7":"product_cat-grupy-wladzy","9":"first","10":"outofstock","11":"sale","12":"taxable","13":"shipping-taxable","14":"purchasable","15":"product-type-simple"},"acf":[],"_links":{"self":[{"href":"https:\/\/mdbouwmachines.be\/pl\/wp-json\/wp\/v2\/product\/13986","targetHints":{"allow":["GET"]}}],"collection":[{"href":"https:\/\/mdbouwmachines.be\/pl\/wp-json\/wp\/v2\/product"}],"about":[{"href":"https:\/\/mdbouwmachines.be\/pl\/wp-json\/wp\/v2\/types\/product"}],"wp:featuredmedia":[{"embeddable":true,"href":"https:\/\/mdbouwmachines.be\/pl\/wp-json\/wp\/v2\/media\/19045"}],"wp:attachment":[{"href":"https:\/\/mdbouwmachines.be\/pl\/wp-json\/wp\/v2\/media?parent=13986"}],"wp:term":[{"taxonomy":"product_brand","embeddable":true,"href":"https:\/\/mdbouwmachines.be\/pl\/wp-json\/wp\/v2\/product_brand?post=13986"},{"taxonomy":"product_cat","embeddable":true,"href":"https:\/\/mdbouwmachines.be\/pl\/wp-json\/wp\/v2\/product_cat?post=13986"},{"taxonomy":"product_tag","embeddable":true,"href":"https:\/\/mdbouwmachines.be\/pl\/wp-json\/wp\/v2\/product_tag?post=13986"}],"curies":[{"name":"wp","href":"https:\/\/api.w.org\/{rel}","templated":true}]}}