{"id":13981,"date":"2025-01-24T09:53:48","date_gmt":"2025-01-24T08:53:48","guid":{"rendered":"https:\/\/mdbouwmachines.be\/product\/honda-eu32is\/"},"modified":"2025-06-23T12:34:41","modified_gmt":"2025-06-23T11:34:41","slug":"honda-eu32is","status":"publish","type":"product","link":"https:\/\/mdbouwmachines.be\/pl\/produkt\/honda-eu32is\/","title":{"rendered":"Honda EU32i"},"content":{"rendered":"","protected":false},"excerpt":{"rendered":"<table>\n<tbody>\n<tr>\n<td colspan=\"1\" rowspan=\"1\">\n<p>Model&nbsp;<\/p>\n<\/td>\n<td colspan=\"1\" rowspan=\"1\">\n<p>:<\/p>\n<\/td>\n<td colspan=\"1\" rowspan=\"1\">\n<p>EU32i&nbsp;<\/p>\n<\/td>\n<\/tr>\n<tr>\n<td colspan=\"1\" rowspan=\"1\">\n<p>Max. Zdolno\u015b\u0107&nbsp;<\/p>\n<\/td>\n<td colspan=\"1\" rowspan=\"1\">\n<p>:<\/p>\n<\/td>\n<td colspan=\"1\" rowspan=\"1\">\n<p>3200 W \/ 230 V \/ 50 Hz&nbsp;<\/p>\n<\/td>\n<\/tr>\n<tr>\n<td colspan=\"1\" rowspan=\"1\">\n<p>Ci\u0105g\u0142a moc&nbsp;<\/p>\n<\/td>\n<td colspan=\"1\" rowspan=\"1\">\n<p>:<\/p>\n<\/td>\n<td colspan=\"1\" rowspan=\"1\">\n<p>2800 wat\u00f3w \/ 230 V \/ 50 Hz&nbsp;<\/p>\n<\/td>\n<\/tr>\n<tr>\n<td colspan=\"1\" rowspan=\"1\">\n<p>Si\u0142a bie\u017c\u0105ca&nbsp;<\/p>\n<\/td>\n<td colspan=\"1\" rowspan=\"1\">\n<p>:<\/p>\n<\/td>\n<td colspan=\"1\" rowspan=\"1\">\n<p>13.9A&nbsp;<\/p>\n<\/td>\n<\/tr>\n<tr>\n<td colspan=\"1\" rowspan=\"1\">\n<p>Pr\u0105d sta\u0142y 12 V&nbsp;<\/p>\n<\/td>\n<td colspan=\"1\" rowspan=\"1\">\n<p>:<\/p>\n<\/td>\n<td colspan=\"1\" rowspan=\"1\">\n<p>&nbsp;<\/p>\n<\/td>\n<\/tr>\n<tr>\n<td colspan=\"1\" rowspan=\"1\">\n<p>Silnik&nbsp;<\/p>\n<\/td>\n<td colspan=\"1\" rowspan=\"1\">\n<p>:<\/p>\n<\/td>\n<td colspan=\"1\" rowspan=\"1\">\n<p>Honda GX130&nbsp; silnik z wtryskiem paliwa<\/p>\n<\/td>\n<\/tr>\n<tr>\n<td colspan=\"1\" rowspan=\"1\">\n<p>Norma emisji UE&nbsp;<\/p>\n<\/td>\n<td colspan=\"1\" rowspan=\"1\">\n<p>:<\/p>\n<\/td>\n<td colspan=\"1\" rowspan=\"1\">\n<p>Etap V&nbsp;<\/p>\n<\/td>\n<\/tr>\n<tr>\n<td colspan=\"1\" rowspan=\"1\">\n<p>Ch\u0142odzenie&nbsp;<\/p>\n<\/td>\n<td colspan=\"1\" rowspan=\"1\">\n<p>:<\/p>\n<\/td>\n<td colspan=\"1\" rowspan=\"1\">\n<p>Ch\u0142odzenie powietrzem&nbsp;<\/p>\n<\/td>\n<\/tr>\n<tr>\n<td colspan=\"1\" rowspan=\"1\">\n<p>Obroty na minut\u0119&nbsp;<\/p>\n<\/td>\n<td colspan=\"1\" rowspan=\"1\">\n<p>:<\/p>\n<\/td>\n<td colspan=\"1\" rowspan=\"1\">\n<p>3500 \u2013 5500 obr.\/min.&nbsp;<\/p>\n<\/td>\n<\/tr>\n<tr>\n<td colspan=\"1\" rowspan=\"1\">\n<p>Kontrola pr\u0119dko\u015bci&nbsp;<\/p>\n<\/td>\n<td colspan=\"1\" rowspan=\"1\">\n<p>:<\/p>\n<\/td>\n<td colspan=\"1\" rowspan=\"1\">\n<p>+&nbsp;<\/p>\n<\/td>\n<\/tr>\n<tr>\n<td colspan=\"1\" rowspan=\"1\">\n<p>Start r\u0119czny&nbsp;<\/p>\n<\/td>\n<td colspan=\"1\" rowspan=\"1\">\n<p>:<\/p>\n<\/td>\n<td colspan=\"1\" rowspan=\"1\">\n<p>+&nbsp;<\/p>\n<\/td>\n<\/tr>\n<tr>\n<td colspan=\"1\" rowspan=\"1\">\n<p>Prze\u0142\u0105czanie r\u00f3wnoleg\u0142e&nbsp;<\/p>\n<\/td>\n<td colspan=\"1\" rowspan=\"1\">\n<p>:<\/p>\n<\/td>\n<td colspan=\"1\" rowspan=\"1\">\n<p>+&nbsp;<\/p>\n<\/td>\n<\/tr>\n<tr>\n<td colspan=\"1\" rowspan=\"1\">\n<p>Olej silnikowy&nbsp;<\/p>\n<\/td>\n<td colspan=\"1\" rowspan=\"1\">\n<p>:<\/p>\n<\/td>\n<td colspan=\"1\" rowspan=\"1\">\n<p>15W40&nbsp;<\/p>\n<\/td>\n<\/tr>\n<tr>\n<td colspan=\"1\" rowspan=\"1\">\n<p>Moc silnika&nbsp;<\/p>\n<\/td>\n<td colspan=\"1\" rowspan=\"1\">\n<p>:<\/p>\n<\/td>\n<td colspan=\"1\" rowspan=\"1\">\n<p>4,8 kW \/ 6,5 KM&nbsp;<\/p>\n<\/td>\n<\/tr>\n<tr>\n<td colspan=\"1\" rowspan=\"1\">\n<p>Paliwo&nbsp;<\/p>\n<\/td>\n<td colspan=\"1\" rowspan=\"1\">\n<p>:&nbsp;<\/p>\n<\/td>\n<td colspan=\"1\" rowspan=\"1\">\n<p>Euro 95 \/ E10&nbsp;<\/p>\n<\/td>\n<\/tr>\n<tr>\n<td colspan=\"1\" rowspan=\"1\">\n<p>Alarm olejowy&nbsp;<\/p>\n<\/td>\n<td colspan=\"1\" rowspan=\"1\">\n<p>:<\/p>\n<\/td>\n<td colspan=\"1\" rowspan=\"1\">\n<p>+&nbsp;<\/p>\n<\/td>\n<\/tr>\n<tr>\n<td colspan=\"1\" rowspan=\"1\">\n<p>Po\u0142\u0105czenie Bluetooth<\/p>\n<\/td>\n<td colspan=\"1\" rowspan=\"1\">\n<p>:<\/p>\n<\/td>\n<td colspan=\"1\" rowspan=\"1\">\n<p>odczyt mocy \u2013 poziom paliwa \u2013&nbsp; licznik motogodzin \u2013 wy\u0142\u0105czenie silnika<\/p>\n<\/td>\n<\/tr>\n<tr>\n<td colspan=\"1\" rowspan=\"1\">\n<p>Pojemno\u015b\u0107 zbiornika&nbsp;<\/p>\n<\/td>\n<td colspan=\"1\" rowspan=\"1\">\n<p>:<\/p>\n<\/td>\n<td colspan=\"1\" rowspan=\"1\">\n<p>4,7 litra&nbsp;<\/p>\n<\/td>\n<\/tr>\n<tr>\n<td colspan=\"1\" rowspan=\"1\">\n<p>Czas pracy nominalny&nbsp;<\/p>\n<\/td>\n<td colspan=\"1\" rowspan=\"1\">\n<p>:&nbsp;<\/p>\n<\/td>\n<td colspan=\"1\" rowspan=\"1\">\n<p>3,5 godziny&nbsp;<\/p>\n<\/td>\n<\/tr>\n<tr>\n<td colspan=\"1\" rowspan=\"1\">\n<p>Poziom ha\u0142asu<\/p>\n<\/td>\n<td colspan=\"1\" rowspan=\"1\">\n<p>:<\/p>\n<\/td>\n<td colspan=\"1\" rowspan=\"1\">\n<p>66 dBA \/ 7 metr\u00f3w&nbsp;<\/p>\n<\/td>\n<\/tr>\n<tr>\n<td colspan=\"1\" rowspan=\"1\">\n<p>&nbsp;Wymiary<\/p>\n<\/td>\n<td colspan=\"1\" rowspan=\"1\">\n<p>:<\/p>\n<\/td>\n<td colspan=\"1\" rowspan=\"1\">\n<p>D\u0142ugo\u015b\u0107 571 mm, szeroko\u015b\u0107 306 mm, szeroko\u015b\u0107 452 mm&nbsp;<\/p>\n<\/td>\n<\/tr>\n<tr>\n<td colspan=\"1\" rowspan=\"1\">\n<p>Waga&nbsp;<\/p>\n<\/td>\n<td colspan=\"1\" rowspan=\"1\">\n<p>:<\/p>\n<\/td>\n<td colspan=\"1\" rowspan=\"1\">\n<p>26,5 kg&nbsp;<\/p>\n<\/td>\n<\/tr>\n<tr>\n<td colspan=\"1\" rowspan=\"1\">\n<p>Po\u0142\u0105czenie&nbsp;<\/p>\n<\/td>\n<td colspan=\"1\" rowspan=\"1\">\n<p>:<\/p>\n<\/td>\n<td colspan=\"1\" rowspan=\"1\">\n<p>2x 230V&nbsp; schuko (bez CEE)&nbsp; jak na zdj\u0119ciu)<\/p>\n<\/td>\n<\/tr>\n<\/tbody>\n<\/table>\n<p style=\"text-align: right\">W koszyku<\/p>\n<p><\/p>\n","protected":false},"featured_media":9213,"template":"","meta":{"_acf_changed":false},"product_brand":[1196],"product_cat":[671],"product_tag":[],"class_list":{"0":"post-13981","1":"product","2":"type-product","3":"status-publish","4":"has-post-thumbnail","6":"product_brand-honda-pl","7":"product_cat-grupy-wladzy","9":"first","10":"instock","11":"sale","12":"taxable","13":"shipping-taxable","14":"purchasable","15":"product-type-simple"},"acf":[],"_links":{"self":[{"href":"https:\/\/mdbouwmachines.be\/pl\/wp-json\/wp\/v2\/product\/13981","targetHints":{"allow":["GET"]}}],"collection":[{"href":"https:\/\/mdbouwmachines.be\/pl\/wp-json\/wp\/v2\/product"}],"about":[{"href":"https:\/\/mdbouwmachines.be\/pl\/wp-json\/wp\/v2\/types\/product"}],"wp:featuredmedia":[{"embeddable":true,"href":"https:\/\/mdbouwmachines.be\/pl\/wp-json\/wp\/v2\/media\/9213"}],"wp:attachment":[{"href":"https:\/\/mdbouwmachines.be\/pl\/wp-json\/wp\/v2\/media?parent=13981"}],"wp:term":[{"taxonomy":"product_brand","embeddable":true,"href":"https:\/\/mdbouwmachines.be\/pl\/wp-json\/wp\/v2\/product_brand?post=13981"},{"taxonomy":"product_cat","embeddable":true,"href":"https:\/\/mdbouwmachines.be\/pl\/wp-json\/wp\/v2\/product_cat?post=13981"},{"taxonomy":"product_tag","embeddable":true,"href":"https:\/\/mdbouwmachines.be\/pl\/wp-json\/wp\/v2\/product_tag?post=13981"}],"curies":[{"name":"wp","href":"https:\/\/api.w.org\/{rel}","templated":true}]}}