{"id":13960,"date":"2025-01-24T09:53:43","date_gmt":"2025-01-24T08:53:43","guid":{"rendered":"https:\/\/mdbouwmachines.be\/product\/pila-do-betonu-flex-cs60-na-mokro-na-szynie\/"},"modified":"2025-01-24T09:53:43","modified_gmt":"2025-01-24T08:53:43","slug":"pila-do-betonu-flex-cs60-na-mokro-na-szynie","status":"publish","type":"product","link":"https:\/\/mdbouwmachines.be\/pl\/produkt\/pila-do-betonu-flex-cs60-na-mokro-na-szynie\/","title":{"rendered":"Pi\u0142a do betonu Flex CS60 na mokro na szynie"},"content":{"rendered":"","protected":false},"excerpt":{"rendered":"<ul>\n<li>\n<p>Idealnie nadaje si\u0119 do wykonywania kana\u0142\u00f3w odprowadzaj\u0105cych wod\u0119 w parapetach okiennych, stopniach schodowych lub blatach roboczych, monta\u017cu paneli elewacyjnych i terazzo, renowacji spoin pod\u0142ogowych.<\/p>\n<\/li>\n<li>\n<p>Wy\u0142\u0105cznik bezpiecze\u0144stwa PRCD zintegrowany w kablu<\/p>\n<\/li>\n<li>\n<p>Szybkoz\u0142\u0105czka mosi\u0119\u017cna: do w\u0119\u017ca wodnego \u00bd\u201d<\/p>\n<\/li>\n<li>\n<p>Silnik o wysokiej wydajno\u015bci: wyj\u0105tkowo mocny do ci\u0119cia kamienia i frezowania spoin<\/p>\n<\/li>\n<li>\n<p>P\u0142ynna regulacja g\u0142\u0119boko\u015bci ci\u0119cia od 0 do 60 mm, z prowadzeniem do 54 mm. Pod k\u0105tem od 0-44 mm, z prowadzeniem do 38 mm <\/p>\n<\/li>\n<li>\n<p>Bezstopniowa regulacja k\u0105ta ci\u0119cia uko\u015bnego w zakresie 0-45\u00b0<\/p>\n<\/li>\n<li>\n<p>Oznaczenia ci\u0119cia na p\u0142ycie prowadz\u0105cej 0\u00b0\/30\u00b0\/45\u00b0 umo\u017cliwiaj\u0105ce szybkie pozycjonowanie.<\/p>\n<\/li>\n<li>\n<p>Wysokiej jako\u015bci os\u0142ona ochronna i p\u0142yta przesuwna wykonane z odlewu magnezowego<\/p>\n<\/li>\n<li>\n<p>Gumowa os\u0142ona silnika zapobiega bezpo\u015bredniemu zasysaniu rozpryskuj\u0105cej si\u0119 wody<\/p>\n<\/li>\n<li>\n<p>Doprowadzenie wody: do efektywnego ch\u0142odzenia narz\u0119dzia diamentowego<\/p>\n<\/li>\n<li>\n<p>Blokada osi<\/p>\n<\/li>\n<\/ul>\n","protected":false},"featured_media":9169,"template":"","meta":{"_acf_changed":false},"product_brand":[1171],"product_cat":[369],"product_tag":[],"class_list":{"0":"post-13960","1":"product","2":"type-product","3":"status-publish","4":"has-post-thumbnail","6":"product_brand-flex-pl","7":"product_cat-maszyny-reczne","9":"first","10":"instock","11":"taxable","12":"shipping-taxable","13":"purchasable","14":"product-type-simple"},"acf":[],"_links":{"self":[{"href":"https:\/\/mdbouwmachines.be\/pl\/wp-json\/wp\/v2\/product\/13960","targetHints":{"allow":["GET"]}}],"collection":[{"href":"https:\/\/mdbouwmachines.be\/pl\/wp-json\/wp\/v2\/product"}],"about":[{"href":"https:\/\/mdbouwmachines.be\/pl\/wp-json\/wp\/v2\/types\/product"}],"wp:featuredmedia":[{"embeddable":true,"href":"https:\/\/mdbouwmachines.be\/pl\/wp-json\/wp\/v2\/media\/9169"}],"wp:attachment":[{"href":"https:\/\/mdbouwmachines.be\/pl\/wp-json\/wp\/v2\/media?parent=13960"}],"wp:term":[{"taxonomy":"product_brand","embeddable":true,"href":"https:\/\/mdbouwmachines.be\/pl\/wp-json\/wp\/v2\/product_brand?post=13960"},{"taxonomy":"product_cat","embeddable":true,"href":"https:\/\/mdbouwmachines.be\/pl\/wp-json\/wp\/v2\/product_cat?post=13960"},{"taxonomy":"product_tag","embeddable":true,"href":"https:\/\/mdbouwmachines.be\/pl\/wp-json\/wp\/v2\/product_tag?post=13960"}],"curies":[{"name":"wp","href":"https:\/\/api.w.org\/{rel}","templated":true}]}}