{"id":13778,"date":"2025-02-11T14:22:53","date_gmt":"2025-02-11T13:22:53","guid":{"rendered":"https:\/\/mdbouwmachines.be\/product\/brzeszczot-cs-60-flex\/"},"modified":"2025-02-11T15:21:01","modified_gmt":"2025-02-11T14:21:01","slug":"brzeszczot-cs-60-flex","status":"publish","type":"product","link":"https:\/\/mdbouwmachines.be\/pl\/produkt\/brzeszczot-cs-60-flex\/","title":{"rendered":"Brzeszczot CS 60 FLEX"},"content":{"rendered":"","protected":false},"excerpt":{"rendered":"<p>Mo\u017cliwo\u015b\u0107 wyboru 3 brzeszczot\u00f3w do pi\u0142y CS60 FLEX WET, pi\u0142y na szynie. Kompatybilny z innymi markami.<br \/> Tyrolit \u015brednica 180 \u2013 FLEX Turbo \u2013 FLEX segmentowany. <\/p>\n","protected":false},"featured_media":13847,"template":"","meta":{"_acf_changed":false},"product_brand":[1131],"product_cat":[622],"product_tag":[],"class_list":{"0":"post-13778","1":"product","2":"type-product","3":"status-publish","4":"has-post-thumbnail","6":"product_brand-md-bouwmachines-pl","7":"product_cat-brzeszczoty","8":"pa_keuze-merk-flex-gesegm-170-pl","9":"pa_keuze-merk-flex-turbo-diam-170-pl","10":"pa_keuze-merk-tyrolit-diam-180-pl","12":"first","13":"instock","14":"taxable","15":"shipping-taxable","16":"purchasable","17":"product-type-variable","18":"has-default-attributes"},"acf":[],"_links":{"self":[{"href":"https:\/\/mdbouwmachines.be\/pl\/wp-json\/wp\/v2\/product\/13778","targetHints":{"allow":["GET"]}}],"collection":[{"href":"https:\/\/mdbouwmachines.be\/pl\/wp-json\/wp\/v2\/product"}],"about":[{"href":"https:\/\/mdbouwmachines.be\/pl\/wp-json\/wp\/v2\/types\/product"}],"wp:featuredmedia":[{"embeddable":true,"href":"https:\/\/mdbouwmachines.be\/pl\/wp-json\/wp\/v2\/media\/13847"}],"wp:attachment":[{"href":"https:\/\/mdbouwmachines.be\/pl\/wp-json\/wp\/v2\/media?parent=13778"}],"wp:term":[{"taxonomy":"product_brand","embeddable":true,"href":"https:\/\/mdbouwmachines.be\/pl\/wp-json\/wp\/v2\/product_brand?post=13778"},{"taxonomy":"product_cat","embeddable":true,"href":"https:\/\/mdbouwmachines.be\/pl\/wp-json\/wp\/v2\/product_cat?post=13778"},{"taxonomy":"product_tag","embeddable":true,"href":"https:\/\/mdbouwmachines.be\/pl\/wp-json\/wp\/v2\/product_tag?post=13778"}],"curies":[{"name":"wp","href":"https:\/\/api.w.org\/{rel}","templated":true}]}}