{"id":13746,"date":"2025-02-11T14:14:34","date_gmt":"2025-02-11T13:14:34","guid":{"rendered":"https:\/\/mdbouwmachines.be\/product\/ostrza-pil-do-szlifowania-na-sucho\/"},"modified":"2025-03-03T09:59:50","modified_gmt":"2025-03-03T08:59:50","slug":"ostrza-pil-do-szlifowania-na-sucho","status":"publish","type":"product","link":"https:\/\/mdbouwmachines.be\/pl\/produkt\/ostrza-pil-do-szlifowania-na-sucho\/","title":{"rendered":"Brzeszczoty \u2013 przecinarki\/motorowery"},"content":{"rendered":"","protected":false},"excerpt":{"rendered":"<p>Materia\u0142y obrabialne: Uniwersalne materia\u0142y budowlane, takie jak beton, ceg\u0142a, kamie\u0144 naturalny, stal itp.<\/p>\n<p> Brzeszczot w wersji premium z otworem na o\u015b 20 lub 25,4 mm.<br \/> \u015arednica do wyboru 350\/400.<\/p>\n","protected":false},"featured_media":13733,"template":"","meta":{"_acf_changed":false},"product_brand":[1131],"product_cat":[622],"product_tag":[],"class_list":{"0":"post-13746","1":"product","2":"type-product","3":"status-publish","4":"has-post-thumbnail","6":"product_brand-md-bouwmachines-pl","7":"product_cat-brzeszczoty","9":"first","10":"instock","11":"taxable","12":"shipping-taxable","13":"purchasable","14":"product-type-variable","15":"has-default-attributes"},"acf":[],"_links":{"self":[{"href":"https:\/\/mdbouwmachines.be\/pl\/wp-json\/wp\/v2\/product\/13746","targetHints":{"allow":["GET"]}}],"collection":[{"href":"https:\/\/mdbouwmachines.be\/pl\/wp-json\/wp\/v2\/product"}],"about":[{"href":"https:\/\/mdbouwmachines.be\/pl\/wp-json\/wp\/v2\/types\/product"}],"wp:featuredmedia":[{"embeddable":true,"href":"https:\/\/mdbouwmachines.be\/pl\/wp-json\/wp\/v2\/media\/13733"}],"wp:attachment":[{"href":"https:\/\/mdbouwmachines.be\/pl\/wp-json\/wp\/v2\/media?parent=13746"}],"wp:term":[{"taxonomy":"product_brand","embeddable":true,"href":"https:\/\/mdbouwmachines.be\/pl\/wp-json\/wp\/v2\/product_brand?post=13746"},{"taxonomy":"product_cat","embeddable":true,"href":"https:\/\/mdbouwmachines.be\/pl\/wp-json\/wp\/v2\/product_cat?post=13746"},{"taxonomy":"product_tag","embeddable":true,"href":"https:\/\/mdbouwmachines.be\/pl\/wp-json\/wp\/v2\/product_tag?post=13746"}],"curies":[{"name":"wp","href":"https:\/\/api.w.org\/{rel}","templated":true}]}}