{"id":13672,"date":"2025-01-24T10:53:53","date_gmt":"2025-01-24T09:53:53","guid":{"rendered":"https:\/\/mdbouwmachines.be\/product\/stary-beton\/"},"modified":"2025-02-11T14:13:59","modified_gmt":"2025-02-11T13:13:59","slug":"stary-beton","status":"publish","type":"product","link":"https:\/\/mdbouwmachines.be\/pl\/produkt\/stary-beton\/","title":{"rendered":"Stary betonowy FSL"},"content":{"rendered":"","protected":false},"excerpt":{"rendered":"<p><span>Do maszyn o mocy do 15 kW\/20 KM, kruszywa mi\u0119kkie do bardzo twardych. Szczeg\u00f3\u0142y: Spawane laserowo do \u015brednicy 1200 mm. Specjalny kszta\u0142t segmentu z funkcj\u0105 zabezpieczaj\u0105c\u0105 przed przedwczesnym zu\u017cyciem ostrza trzonu w strefie \u0142\u0105czenia (efekt podcinania). Nadaje si\u0119 do renowacji, kontrolowanej rozbi\u00f3rki i wyburzania dr\u00f3g, autostrad, lotnisk, most\u00f3w i budynk\u00f3w przemys\u0142owych. R\u00f3wnie\u017c do usuwania i ci\u0119cia uszkodzonych sufit\u00f3w o grubo\u015bci do 50 cm. Narz\u0119dzia te charakteryzuj\u0105 si\u0119 wyj\u0105tkowo du\u017c\u0105 pr\u0119dko\u015bci\u0105 skrawania, d\u0142ug\u0105 \u017cywotno\u015bci\u0105 i minimalnym obci\u0105\u017ceniem maszyny.     <\/span><\/p>\n<p>Otw\u00f3r osi 25,4 mm<\/p>\n","protected":false},"featured_media":9221,"template":"","meta":{"_acf_changed":false},"product_brand":[1154],"product_cat":[622],"product_tag":[],"class_list":{"0":"post-13672","1":"product","2":"type-product","3":"status-publish","4":"has-post-thumbnail","6":"product_brand-tyrolit-pl","7":"product_cat-brzeszczoty","9":"first","10":"instock","11":"taxable","12":"shipping-taxable","13":"purchasable","14":"product-type-variable","15":"has-default-attributes"},"acf":[],"_links":{"self":[{"href":"https:\/\/mdbouwmachines.be\/pl\/wp-json\/wp\/v2\/product\/13672","targetHints":{"allow":["GET"]}}],"collection":[{"href":"https:\/\/mdbouwmachines.be\/pl\/wp-json\/wp\/v2\/product"}],"about":[{"href":"https:\/\/mdbouwmachines.be\/pl\/wp-json\/wp\/v2\/types\/product"}],"wp:featuredmedia":[{"embeddable":true,"href":"https:\/\/mdbouwmachines.be\/pl\/wp-json\/wp\/v2\/media\/9221"}],"wp:attachment":[{"href":"https:\/\/mdbouwmachines.be\/pl\/wp-json\/wp\/v2\/media?parent=13672"}],"wp:term":[{"taxonomy":"product_brand","embeddable":true,"href":"https:\/\/mdbouwmachines.be\/pl\/wp-json\/wp\/v2\/product_brand?post=13672"},{"taxonomy":"product_cat","embeddable":true,"href":"https:\/\/mdbouwmachines.be\/pl\/wp-json\/wp\/v2\/product_cat?post=13672"},{"taxonomy":"product_tag","embeddable":true,"href":"https:\/\/mdbouwmachines.be\/pl\/wp-json\/wp\/v2\/product_tag?post=13672"}],"curies":[{"name":"wp","href":"https:\/\/api.w.org\/{rel}","templated":true}]}}