{"id":13663,"date":"2025-02-11T10:30:25","date_gmt":"2025-02-11T09:30:25","guid":{"rendered":"https:\/\/mdbouwmachines.be\/product\/swiezy-beton-md-350-premium\/"},"modified":"2025-02-11T10:30:25","modified_gmt":"2025-02-11T09:30:25","slug":"swiezy-beton-md-350-premium","status":"publish","type":"product","link":"https:\/\/mdbouwmachines.be\/pl\/produkt\/swiezy-beton-md-350-premium\/","title":{"rendered":"\u015awie\u017cy beton MD 350 Premium"},"content":{"rendered":"","protected":false},"excerpt":{"rendered":"<p>Najlepiej sprzedaj\u0105ca si\u0119 tarcza do ci\u0119cia \u015bwie\u017cego betonu o \u015brednicy 350 do PRZECINAREK POD\u0141OGOWYCH! (otw\u00f3r osi 25,4) PREMIUM (trudniejsza segmentacja)<\/p>\n<p><span>Z\u0142\u0105cza dylatacyjne\/szczeliny rozszerzaj\u0105ce w budownictwie drogowym. Dla maszyn do 15 kW\/hydr. do 50 kW uniwersalne kruszywa betonowe, mi\u0119kkie do bardzo twardych. Szczeg\u00f3\u0142y: Wszystkie \u015brednice spawane laserowo. Z segmentem zabezpieczaj\u0105cym przed zu\u017cyciem rdzenia stalowego w strefie \u0142\u0105czenia \u2013 podci\u0119ciem. Bardzo czyste kraw\u0119dzie spoin, wyj\u0105tkowo szybkie ci\u0119cie.     <\/span><\/p>\n","protected":false},"featured_media":13626,"template":"","meta":{"_acf_changed":false},"product_brand":[1131],"product_cat":[622],"product_tag":[],"class_list":{"0":"post-13663","1":"product","2":"type-product","3":"status-publish","4":"has-post-thumbnail","6":"product_brand-md-bouwmachines-pl","7":"product_cat-brzeszczoty","9":"first","10":"instock","11":"taxable","12":"shipping-taxable","13":"purchasable","14":"product-type-variable","15":"has-default-attributes"},"acf":[],"_links":{"self":[{"href":"https:\/\/mdbouwmachines.be\/pl\/wp-json\/wp\/v2\/product\/13663","targetHints":{"allow":["GET"]}}],"collection":[{"href":"https:\/\/mdbouwmachines.be\/pl\/wp-json\/wp\/v2\/product"}],"about":[{"href":"https:\/\/mdbouwmachines.be\/pl\/wp-json\/wp\/v2\/types\/product"}],"wp:featuredmedia":[{"embeddable":true,"href":"https:\/\/mdbouwmachines.be\/pl\/wp-json\/wp\/v2\/media\/13626"}],"wp:attachment":[{"href":"https:\/\/mdbouwmachines.be\/pl\/wp-json\/wp\/v2\/media?parent=13663"}],"wp:term":[{"taxonomy":"product_brand","embeddable":true,"href":"https:\/\/mdbouwmachines.be\/pl\/wp-json\/wp\/v2\/product_brand?post=13663"},{"taxonomy":"product_cat","embeddable":true,"href":"https:\/\/mdbouwmachines.be\/pl\/wp-json\/wp\/v2\/product_cat?post=13663"},{"taxonomy":"product_tag","embeddable":true,"href":"https:\/\/mdbouwmachines.be\/pl\/wp-json\/wp\/v2\/product_tag?post=13663"}],"curies":[{"name":"wp","href":"https:\/\/api.w.org\/{rel}","templated":true}]}}