{"id":13590,"date":"2025-02-11T08:58:42","date_gmt":"2025-02-11T07:58:42","guid":{"rendered":"https:\/\/mdbouwmachines.be\/product\/akumulator-mk8-90-conmec\/"},"modified":"2025-06-23T12:36:43","modified_gmt":"2025-06-23T11:36:43","slug":"akumulator-mk8-90-conmec","status":"publish","type":"product","link":"https:\/\/mdbouwmachines.be\/pl\/produkt\/akumulator-mk8-90-conmec\/","title":{"rendered":"CONMEC Elektryczny 8-90"},"content":{"rendered":"","protected":false},"excerpt":{"rendered":"<p>Polerka zasilana podw\u00f3jn\u0105 bateri\u0105 90. Wa\u017c\u0105c 390 kg i maj\u0105c solidne stalowe podwozie, jest to niezwykle wytrzyma\u0142a maszyna. Zawsze dostarczany z dwoma bateriami litowo-jonowymi o wadze 66 kg ka\u017cda, kt\u00f3re mog\u0105 pracowa\u0107 na pe\u0142nych obrotach przez 90 minut. Akumulator \u0142aduje si\u0119 szybciej ni\u017c mo\u017cesz go u\u017cywa\u0107 w ci\u0105gu 1 godziny dzi\u0119ki super\u0142adowarce 380 V. W zestawie znajduje si\u0119 r\u00f3wnie\u017c \u0142adowarka 220 V, kt\u00f3ra \u0142aduje akumulator w ci\u0105gu 5 godzin. W zestawie znajduje si\u0119 r\u00f3wnie\u017c system transportowy zar\u00f3wno dla akumulatora, jak i maszyny!    <\/p>\n","protected":false},"featured_media":13546,"template":"","meta":{"_acf_changed":false},"product_brand":[1219],"product_cat":[362],"product_tag":[],"class_list":{"0":"post-13590","1":"product","2":"type-product","3":"status-publish","4":"has-post-thumbnail","6":"product_brand-conmec-pl","7":"product_cat-podwojne-maszyny-polerskie","9":"first","10":"instock","11":"taxable","12":"shipping-taxable","13":"purchasable","14":"product-type-simple"},"acf":[],"_links":{"self":[{"href":"https:\/\/mdbouwmachines.be\/pl\/wp-json\/wp\/v2\/product\/13590","targetHints":{"allow":["GET"]}}],"collection":[{"href":"https:\/\/mdbouwmachines.be\/pl\/wp-json\/wp\/v2\/product"}],"about":[{"href":"https:\/\/mdbouwmachines.be\/pl\/wp-json\/wp\/v2\/types\/product"}],"wp:featuredmedia":[{"embeddable":true,"href":"https:\/\/mdbouwmachines.be\/pl\/wp-json\/wp\/v2\/media\/13546"}],"wp:attachment":[{"href":"https:\/\/mdbouwmachines.be\/pl\/wp-json\/wp\/v2\/media?parent=13590"}],"wp:term":[{"taxonomy":"product_brand","embeddable":true,"href":"https:\/\/mdbouwmachines.be\/pl\/wp-json\/wp\/v2\/product_brand?post=13590"},{"taxonomy":"product_cat","embeddable":true,"href":"https:\/\/mdbouwmachines.be\/pl\/wp-json\/wp\/v2\/product_cat?post=13590"},{"taxonomy":"product_tag","embeddable":true,"href":"https:\/\/mdbouwmachines.be\/pl\/wp-json\/wp\/v2\/product_tag?post=13590"}],"curies":[{"name":"wp","href":"https:\/\/api.w.org\/{rel}","templated":true}]}}