{"id":13489,"date":"2025-02-11T08:45:32","date_gmt":"2025-02-11T07:45:32","guid":{"rendered":"https:\/\/mdbouwmachines.be\/product\/komar-60\/"},"modified":"2025-06-23T12:36:11","modified_gmt":"2025-06-23T11:36:11","slug":"komar-60","status":"publish","type":"product","link":"https:\/\/mdbouwmachines.be\/pl\/produkt\/komar-60\/","title":{"rendered":"Barikell Moskito 60"},"content":{"rendered":"\n<hr class=\"wp-block-separator has-alpha-channel-opacity is-style-dots\" \/>\n\n<h2 class=\"wp-block-heading\">Definicja<\/h2>\n\n<p><strong>Historia<\/strong>: Koronkowy finiszer \u201eMoskito\u201d zosta\u0142 wynaleziony przez Luigiego Barichello, ojca za\u0142o\u017cyciela znanej grupy Barikell.<\/p>\n\n<p>Moskito 60 jest wyposa\u017cony w pier\u015bcie\u0144 stabilizuj\u0105cy. Umo\u017cliwia to wyko\u0144czenie a\u017c do \u015bciany. Dodatkowo uchwyt jest sk\u0142adany, a maszyna wyposa\u017cona jest w hak do podnoszenia. Dzi\u0119ki temu maszyna jest bardzo \u0142atwa w transporcie, nie zajmuj\u0105c przy tym du\u017co miejsca.<br\/>To sprawia, \u017ce Moskito 60 jest idealn\u0105 maszyn\u0105 do budowy basen\u00f3w, taras\u00f3w, &#8230; oraz do posadzek w pomieszczeniach.   <\/p>\n\n<p>Maszyna jest dost\u0119pna z 4 ramionami lub z 6 ramionami, co zapewnia lepsze roz\u0142o\u017cenie ci\u0119\u017caru i jeszcze bardziej stabilne uczucie podczas polerowania.<\/p>\n\n<p>Ten wyko\u0144czeniowiec kraw\u0119dzi jest standardowo wyposa\u017cony w silnik Hondy o mocy 5,5 KM (GX 160), ale opcjonalnie mo\u017ce by\u0107 wyposa\u017cony w silnik Honda (GX 200) o mocy 6,5 KM lub Robin o mocy 6,0 KM.<\/p>\n\n<hr class=\"wp-block-separator has-alpha-channel-opacity\" \/>\n\n<h2 class=\"wp-block-heading\">Informacje techniczne<\/h2>\n\n<h3 class=\"wp-block-heading\"><strong>Og\u00f3lne<\/strong><\/h3>\n\n<figure class=\"wp-block-table\"><table class=\"has-fixed-layout\"><tbody><tr><td>\u015arednica robocza<\/td><td>60 cm<\/td><\/tr><\/tbody><\/table><\/figure>\n\n<h3 class=\"wp-block-heading\"><strong>Wymiary<\/strong><\/h3>\n\n<figure class=\"wp-block-table\"><table class=\"has-fixed-layout\"><tbody><tr><td>D\u0142ugo\u015b\u0107 (mm)<\/td><td>1406<\/td><\/tr><tr><td>Szeroko\u015b\u0107 (mm)<\/td><td>600<\/td><\/tr><tr><td>Wysoko\u015b\u0107 (mm)<\/td><td>1000<\/td><\/tr><tr><td>Waga (kg)<\/td><td>50 (\u00b1)<\/td><\/tr><\/tbody><\/table><\/figure>\n","protected":false},"excerpt":{"rendered":"<p>Barikell Moskito 60 to pojedyncza polerka o \u015brednicy 60, specjalnie zaprojektowana do gi\u0119cia.<\/p>\n<p>Maszyna ta jest zawsze standardowo dostosowywana do naszego niestandardowego zestawu przek\u0142adni i \u0142o\u017cyska sprz\u0119g\u0142a SKF, co zapewnia d\u0142u\u017csz\u0105 \u017cywotno\u015b\u0107.  <\/p>\n","protected":false},"featured_media":18713,"template":"","meta":{"_acf_changed":false},"product_brand":[1126],"product_cat":[434],"product_tag":[],"class_list":{"0":"post-13489","1":"product","2":"type-product","3":"status-publish","4":"has-post-thumbnail","6":"product_brand-barikell-pl","7":"product_cat-wykanczacze-krawedzi","9":"first","10":"instock","11":"featured","12":"taxable","13":"shipping-taxable","14":"purchasable","15":"product-type-variable","16":"has-default-attributes"},"acf":[],"_links":{"self":[{"href":"https:\/\/mdbouwmachines.be\/pl\/wp-json\/wp\/v2\/product\/13489","targetHints":{"allow":["GET"]}}],"collection":[{"href":"https:\/\/mdbouwmachines.be\/pl\/wp-json\/wp\/v2\/product"}],"about":[{"href":"https:\/\/mdbouwmachines.be\/pl\/wp-json\/wp\/v2\/types\/product"}],"wp:featuredmedia":[{"embeddable":true,"href":"https:\/\/mdbouwmachines.be\/pl\/wp-json\/wp\/v2\/media\/18713"}],"wp:attachment":[{"href":"https:\/\/mdbouwmachines.be\/pl\/wp-json\/wp\/v2\/media?parent=13489"}],"wp:term":[{"taxonomy":"product_brand","embeddable":true,"href":"https:\/\/mdbouwmachines.be\/pl\/wp-json\/wp\/v2\/product_brand?post=13489"},{"taxonomy":"product_cat","embeddable":true,"href":"https:\/\/mdbouwmachines.be\/pl\/wp-json\/wp\/v2\/product_cat?post=13489"},{"taxonomy":"product_tag","embeddable":true,"href":"https:\/\/mdbouwmachines.be\/pl\/wp-json\/wp\/v2\/product_tag?post=13489"}],"curies":[{"name":"wp","href":"https:\/\/api.w.org\/{rel}","templated":true}]}}