{"id":13476,"date":"2025-02-11T08:42:06","date_gmt":"2025-02-11T07:42:06","guid":{"rendered":"https:\/\/mdbouwmachines.be\/product\/vz-fl10-13-km\/"},"modified":"2025-02-11T14:45:08","modified_gmt":"2025-02-11T13:45:08","slug":"vz-fl10-13-km","status":"publish","type":"product","link":"https:\/\/mdbouwmachines.be\/pl\/produkt\/vz-fl10-13-km\/","title":{"rendered":"VZ FL10 13 KM"},"content":{"rendered":"","protected":false},"excerpt":{"rendered":"<p>Przecinarka samochodowa marki Barikell, specjalnie zaprojektowana do \u015bwie\u017cego betonu. Os\u0142ona pi\u0142y o maksymalnej \u015brednicy 450, umieszczona bardzo blisko \u015bciany.<br \/> Dodatkowe \u015bwiat\u0142o, umieszczone w wybranym przez Ciebie miejscu, zapewniaj\u0105ce najlepsz\u0105 widoczno\u015b\u0107, z mocnymi magnesami.<br \/> \u0141atwiejszy, szybszy system wodny, \u0142atwy w demonta\u017cu.<br \/> Wyposa\u017cony w silnik Honda GX390\/13 KM z cyklonowym systemem filtracji powietrza zapewniaj\u0105cym lepsz\u0105 wydajno\u015b\u0107 silnika.<br \/> Wyposa\u017cony w r\u0119czn\u0105 pomp\u0119 hydrauliczn\u0105. <\/p>\n","protected":false},"featured_media":13469,"template":"","meta":{"_acf_changed":false},"product_brand":[1126],"product_cat":[332],"product_tag":[646],"class_list":{"0":"post-13476","1":"product","2":"type-product","3":"status-publish","4":"has-post-thumbnail","6":"product_brand-barikell-pl","7":"product_cat-pily-podlogowe","8":"product_tag-ekskluzywny","10":"first","11":"instock","12":"shipping-taxable","13":"purchasable","14":"product-type-simple"},"acf":[],"_links":{"self":[{"href":"https:\/\/mdbouwmachines.be\/pl\/wp-json\/wp\/v2\/product\/13476","targetHints":{"allow":["GET"]}}],"collection":[{"href":"https:\/\/mdbouwmachines.be\/pl\/wp-json\/wp\/v2\/product"}],"about":[{"href":"https:\/\/mdbouwmachines.be\/pl\/wp-json\/wp\/v2\/types\/product"}],"wp:featuredmedia":[{"embeddable":true,"href":"https:\/\/mdbouwmachines.be\/pl\/wp-json\/wp\/v2\/media\/13469"}],"wp:attachment":[{"href":"https:\/\/mdbouwmachines.be\/pl\/wp-json\/wp\/v2\/media?parent=13476"}],"wp:term":[{"taxonomy":"product_brand","embeddable":true,"href":"https:\/\/mdbouwmachines.be\/pl\/wp-json\/wp\/v2\/product_brand?post=13476"},{"taxonomy":"product_cat","embeddable":true,"href":"https:\/\/mdbouwmachines.be\/pl\/wp-json\/wp\/v2\/product_cat?post=13476"},{"taxonomy":"product_tag","embeddable":true,"href":"https:\/\/mdbouwmachines.be\/pl\/wp-json\/wp\/v2\/product_tag?post=13476"}],"curies":[{"name":"wp","href":"https:\/\/api.w.org\/{rel}","templated":true}]}}