{"id":13455,"date":"2025-01-24T10:53:17","date_gmt":"2025-01-24T09:53:17","guid":{"rendered":"https:\/\/mdbouwmachines.be\/product\/wykanczarka-krawedzi-btc-4-75-honda-65-km\/"},"modified":"2025-06-23T12:33:33","modified_gmt":"2025-06-23T11:33:33","slug":"wykanczarka-krawedzi-btc-4-75-honda-65-km","status":"publish","type":"product","link":"https:\/\/mdbouwmachines.be\/pl\/produkt\/wykanczarka-krawedzi-btc-4-75-honda-65-km\/","title":{"rendered":"Wyka\u0144czarka kraw\u0119dzi BTC 4-75 Honda 6,5 \u200b\u200bKM"},"content":{"rendered":"\n<hr class=\"wp-block-separator has-alpha-channel-opacity is-style-dots\" \/>\n\n<h2 class=\"wp-block-heading\">Definicja<\/h2>\n\n<p>Wyko\u0144czenie kraw\u0119dzi 75 od BTC z W\u0142och! Doskonale nadaje si\u0119 do mniejszych pomieszcze\u0144, przej\u015b\u0107 i do wyka\u0144czania blisko \u015bcian. Ta maszyna do usuwania kraw\u0119dzi nale\u017cy do standardowego asortymentu przy wyka\u0144czaniu posadzki. Ten BTC jest standardowo wyposa\u017cony w niezawodny silnik Honda GX200 i ze wzgl\u0119du na solidn\u0105 skrzyni\u0119 bieg\u00f3w pracuje z bardzo du\u017c\u0105 pr\u0119dko\u015bci\u0105. Bardzo szeroka kierownica zapewnia wi\u0119ksz\u0105 stabilno\u015b\u0107. Maszyny te s\u0105 r\u00f3wnie\u017c standardowo wyposa\u017cone w solidny hak do podnoszenia.       <\/p>\n\n<hr class=\"wp-block-separator has-alpha-channel-opacity\" \/>\n\n<h2 class=\"wp-block-heading\">Kluczowe cechy<\/h2>\n\n<ul class=\"wp-block-list\">\n<li>Niskie zu\u017cycie paliwa i wydajna praca<\/li>\n\n\n\n<li>\u0141atwy w u\u017cyciu i konserwacji<\/li>\n\n\n\n<li>Smarowane szprychy ze smarowniczk\u0105<\/li>\n\n\n\n<li>Silnik benzynowy Honda GX200 6,5 KM<\/li>\n\n\n\n<li>Hak do podnoszenia<\/li>\n\n\n\n<li>Sprz\u0119g\u0142o od\u015brodkowe<\/li>\n\n\n\n<li>Szeroka kierownica dla wi\u0119kszej stabilno\u015bci<\/li>\n<\/ul>\n\n<hr class=\"wp-block-separator has-alpha-channel-opacity\" \/>\n\n<h2 class=\"wp-block-heading\">Informacje techniczne<\/h2>\n\n<p><strong>Og\u00f3lne<\/strong><\/p>\n\n<figure class=\"wp-block-table\"><table class=\"has-fixed-layout\"><tbody><tr><td>Silnik<\/td><td>Honda GX200 \u2013 benzyna<\/td><\/tr><tr><td>Zdolno\u015b\u0107<\/td><td>6,5 KM<\/td><\/tr><tr><td>\u015arednica robocza<\/td><td>75 cm<\/td><\/tr><\/tbody><\/table><\/figure>\n\n<p><strong>Wymiary<\/strong><\/p>\n\n<figure class=\"wp-block-table\"><table class=\"has-fixed-layout\"><tbody><tr><td>D\u0142ugo\u015b\u0107 (mm)<\/td><td>1490<\/td><\/tr><tr><td>Szeroko\u015b\u0107 (mm)<\/td><td>750<\/td><\/tr><tr><td>Wysoko\u015b\u0107 (mm)<\/td><td>910<\/td><\/tr><tr><td>Waga (kg)<\/td><td>73<\/td><\/tr><\/tbody><\/table><\/figure>\n\n<hr class=\"wp-block-separator has-alpha-channel-opacity is-style-dots\" \/>\n","protected":false},"excerpt":{"rendered":"<p>Finisher kraw\u0119dzi BTC 75 to ulepszenie maszyny BT.  <br \/>Maszyna BTC jest wzmocniona, ma wi\u0119ksz\u0105 standardow\u0105 skrzyni\u0119 bieg\u00f3w i mocniejsz\u0105, zmodyfikowan\u0105 d\u017awigni\u0119 steruj\u0105c\u0105.<\/p>\n","protected":false},"featured_media":13422,"template":"","meta":{"_acf_changed":false},"product_brand":[1138],"product_cat":[434],"product_tag":[],"class_list":{"0":"post-13455","1":"product","2":"type-product","3":"status-publish","4":"has-post-thumbnail","6":"product_brand-btc-pl","7":"product_cat-wykanczacze-krawedzi","9":"first","10":"instock","11":"taxable","12":"shipping-taxable","13":"purchasable","14":"product-type-variable","15":"has-default-attributes"},"acf":[],"_links":{"self":[{"href":"https:\/\/mdbouwmachines.be\/pl\/wp-json\/wp\/v2\/product\/13455","targetHints":{"allow":["GET"]}}],"collection":[{"href":"https:\/\/mdbouwmachines.be\/pl\/wp-json\/wp\/v2\/product"}],"about":[{"href":"https:\/\/mdbouwmachines.be\/pl\/wp-json\/wp\/v2\/types\/product"}],"wp:featuredmedia":[{"embeddable":true,"href":"https:\/\/mdbouwmachines.be\/pl\/wp-json\/wp\/v2\/media\/13422"}],"wp:attachment":[{"href":"https:\/\/mdbouwmachines.be\/pl\/wp-json\/wp\/v2\/media?parent=13455"}],"wp:term":[{"taxonomy":"product_brand","embeddable":true,"href":"https:\/\/mdbouwmachines.be\/pl\/wp-json\/wp\/v2\/product_brand?post=13455"},{"taxonomy":"product_cat","embeddable":true,"href":"https:\/\/mdbouwmachines.be\/pl\/wp-json\/wp\/v2\/product_cat?post=13455"},{"taxonomy":"product_tag","embeddable":true,"href":"https:\/\/mdbouwmachines.be\/pl\/wp-json\/wp\/v2\/product_tag?post=13455"}],"curies":[{"name":"wp","href":"https:\/\/api.w.org\/{rel}","templated":true}]}}