{"id":13324,"date":"2025-01-24T09:55:06","date_gmt":"2025-01-24T08:55:06","guid":{"rendered":"https:\/\/mdbouwmachines.be\/product\/noz-do-kleju-zaokraglone-rogi\/"},"modified":"2025-06-10T09:37:21","modified_gmt":"2025-06-10T08:37:21","slug":"noz-do-kleju-zaokraglone-rogi","status":"publish","type":"product","link":"https:\/\/mdbouwmachines.be\/pl\/produkt\/noz-do-kleju-zaokraglone-rogi\/","title":{"rendered":"N\u00f3\u017c do kleju zaokr\u0105glone rogi"},"content":{"rendered":"","protected":false},"excerpt":{"rendered":"<p>#8105 Kielnia z okr\u0105g\u0142\u0105 g\u0142\u00f3wk\u0105 ze stali w\u0119glowej, 305*102 mm<\/p>\n<p><span>#8251 Kielnia z okr\u0105g\u0142\u0105 g\u0142\u00f3wk\u0105 ze stali w\u0119glowej, 457*102 mm<\/span><\/p>\n","protected":false},"featured_media":9417,"template":"","meta":{"_acf_changed":false},"product_brand":[1131],"product_cat":[497],"product_tag":[],"class_list":{"0":"post-13324","1":"product","2":"type-product","3":"status-publish","4":"has-post-thumbnail","6":"product_brand-md-bouwmachines-pl","7":"product_cat-narzedzia-reczne-i-narzedzia","9":"first","10":"instock","11":"taxable","12":"shipping-taxable","13":"purchasable","14":"product-type-variable","15":"has-default-attributes"},"acf":[],"_links":{"self":[{"href":"https:\/\/mdbouwmachines.be\/pl\/wp-json\/wp\/v2\/product\/13324","targetHints":{"allow":["GET"]}}],"collection":[{"href":"https:\/\/mdbouwmachines.be\/pl\/wp-json\/wp\/v2\/product"}],"about":[{"href":"https:\/\/mdbouwmachines.be\/pl\/wp-json\/wp\/v2\/types\/product"}],"wp:featuredmedia":[{"embeddable":true,"href":"https:\/\/mdbouwmachines.be\/pl\/wp-json\/wp\/v2\/media\/9417"}],"wp:attachment":[{"href":"https:\/\/mdbouwmachines.be\/pl\/wp-json\/wp\/v2\/media?parent=13324"}],"wp:term":[{"taxonomy":"product_brand","embeddable":true,"href":"https:\/\/mdbouwmachines.be\/pl\/wp-json\/wp\/v2\/product_brand?post=13324"},{"taxonomy":"product_cat","embeddable":true,"href":"https:\/\/mdbouwmachines.be\/pl\/wp-json\/wp\/v2\/product_cat?post=13324"},{"taxonomy":"product_tag","embeddable":true,"href":"https:\/\/mdbouwmachines.be\/pl\/wp-json\/wp\/v2\/product_tag?post=13324"}],"curies":[{"name":"wp","href":"https:\/\/api.w.org\/{rel}","templated":true}]}}