{"id":13320,"date":"2025-01-24T09:53:46","date_gmt":"2025-01-24T08:53:46","guid":{"rendered":"https:\/\/mdbouwmachines.be\/product\/noz-do-klejenia-dwustronny-zaokraglony\/"},"modified":"2025-06-10T09:39:48","modified_gmt":"2025-06-10T08:39:48","slug":"noz-do-klejenia-dwustronny-zaokraglony","status":"publish","type":"product","link":"https:\/\/mdbouwmachines.be\/pl\/produkt\/noz-do-klejenia-dwustronny-zaokraglony\/","title":{"rendered":"N\u00f3\u017c do klejenia dwustronny zaokr\u0105glony"},"content":{"rendered":"","protected":false},"excerpt":{"rendered":"<p>Kielnia Marshalltown z zaokr\u0105glonymi kraw\u0119dziami.<\/p>\n","protected":false},"featured_media":9573,"template":"","meta":{"_acf_changed":false},"product_brand":[1191],"product_cat":[497],"product_tag":[],"class_list":{"0":"post-13320","1":"product","2":"type-product","3":"status-publish","4":"has-post-thumbnail","6":"product_brand-marshalltown-pl","7":"product_cat-narzedzia-reczne-i-narzedzia","9":"first","10":"outofstock","11":"taxable","12":"shipping-taxable","13":"purchasable","14":"product-type-simple"},"acf":[],"_links":{"self":[{"href":"https:\/\/mdbouwmachines.be\/pl\/wp-json\/wp\/v2\/product\/13320","targetHints":{"allow":["GET"]}}],"collection":[{"href":"https:\/\/mdbouwmachines.be\/pl\/wp-json\/wp\/v2\/product"}],"about":[{"href":"https:\/\/mdbouwmachines.be\/pl\/wp-json\/wp\/v2\/types\/product"}],"wp:featuredmedia":[{"embeddable":true,"href":"https:\/\/mdbouwmachines.be\/pl\/wp-json\/wp\/v2\/media\/9573"}],"wp:attachment":[{"href":"https:\/\/mdbouwmachines.be\/pl\/wp-json\/wp\/v2\/media?parent=13320"}],"wp:term":[{"taxonomy":"product_brand","embeddable":true,"href":"https:\/\/mdbouwmachines.be\/pl\/wp-json\/wp\/v2\/product_brand?post=13320"},{"taxonomy":"product_cat","embeddable":true,"href":"https:\/\/mdbouwmachines.be\/pl\/wp-json\/wp\/v2\/product_cat?post=13320"},{"taxonomy":"product_tag","embeddable":true,"href":"https:\/\/mdbouwmachines.be\/pl\/wp-json\/wp\/v2\/product_tag?post=13320"}],"curies":[{"name":"wp","href":"https:\/\/api.w.org\/{rel}","templated":true}]}}