{"id":13294,"date":"2025-02-10T13:59:40","date_gmt":"2025-02-10T12:59:40","guid":{"rendered":"https:\/\/mdbouwmachines.be\/product\/krazek-do-cwiczen-wstepnych-1585-cm\/"},"modified":"2025-02-10T13:59:40","modified_gmt":"2025-02-10T12:59:40","slug":"krazek-do-cwiczen-wstepnych-1585-cm","status":"publish","type":"product","link":"https:\/\/mdbouwmachines.be\/pl\/produkt\/krazek-do-cwiczen-wstepnych-1585-cm\/","title":{"rendered":"Kr\u0105\u017cek do \u0107wicze\u0144 wst\u0119pnych 158,5 cm"},"content":{"rendered":"","protected":false},"excerpt":{"rendered":"<p>Nasz w\u0142asny, wykonany kr\u0105\u017cek do obr\u00f3bki wst\u0119pnej o \u015brednicy 158,5 cm i kraw\u0119dzi 45\u00b0.<br \/> Grubo\u015b\u0107 = 4mm<br \/> Zawsze 12 ust<br \/> Nadaje si\u0119 do podw\u00f3jnych maszyn polerskich o \u015brednicy 158,5 m \u2013 WHITEMAN eSTXDF, ALLEN HDX780<\/p>\n","protected":false},"featured_media":0,"template":"","meta":{"_acf_changed":false},"product_brand":[1131],"product_cat":[535],"product_tag":[],"class_list":{"0":"post-13294","1":"product","2":"type-product","3":"status-publish","5":"product_brand-md-bouwmachines-pl","6":"product_cat-plaskowyze-i-noze","8":"first","9":"instock","10":"taxable","11":"shipping-taxable","12":"purchasable","13":"product-type-simple"},"acf":[],"_links":{"self":[{"href":"https:\/\/mdbouwmachines.be\/pl\/wp-json\/wp\/v2\/product\/13294","targetHints":{"allow":["GET"]}}],"collection":[{"href":"https:\/\/mdbouwmachines.be\/pl\/wp-json\/wp\/v2\/product"}],"about":[{"href":"https:\/\/mdbouwmachines.be\/pl\/wp-json\/wp\/v2\/types\/product"}],"wp:attachment":[{"href":"https:\/\/mdbouwmachines.be\/pl\/wp-json\/wp\/v2\/media?parent=13294"}],"wp:term":[{"taxonomy":"product_brand","embeddable":true,"href":"https:\/\/mdbouwmachines.be\/pl\/wp-json\/wp\/v2\/product_brand?post=13294"},{"taxonomy":"product_cat","embeddable":true,"href":"https:\/\/mdbouwmachines.be\/pl\/wp-json\/wp\/v2\/product_cat?post=13294"},{"taxonomy":"product_tag","embeddable":true,"href":"https:\/\/mdbouwmachines.be\/pl\/wp-json\/wp\/v2\/product_tag?post=13294"}],"curies":[{"name":"wp","href":"https:\/\/api.w.org\/{rel}","templated":true}]}}