{"id":13291,"date":"2025-02-10T14:16:41","date_gmt":"2025-02-10T13:16:41","guid":{"rendered":"https:\/\/mdbouwmachines.be\/product\/krazek-przedtreningowy-ertalon\/"},"modified":"2025-02-10T14:16:41","modified_gmt":"2025-02-10T13:16:41","slug":"krazek-przedtreningowy-ertalon","status":"publish","type":"product","link":"https:\/\/mdbouwmachines.be\/pl\/produkt\/krazek-przedtreningowy-ertalon\/","title":{"rendered":"Kr\u0105\u017cek przedtreningowy Ertalon"},"content":{"rendered":"","protected":false},"excerpt":{"rendered":"<p>Aby wyeliminowa\u0107 ryzyko poparzenia, przed przyst\u0105pieniem do pracy nale\u017cy u\u017cy\u0107 kr\u0105\u017cek z Ertalonu. Kraw\u0119d\u017a tego k\u0105ta wynosi 45\u00b0. <\/p>\n<p>Ponadto jest o wiele trwalszy ni\u017c zwyk\u0142a p\u0142yta u\u017cywana przed prac\u0105.<\/p>\n<p>Pasuje do wszystkich marek wyka\u0144czarek kraw\u0119dziowych z 4 ramionami.<\/p>\n","protected":false},"featured_media":13136,"template":"","meta":{"_acf_changed":false},"product_brand":[1131],"product_cat":[535],"product_tag":[],"class_list":{"0":"post-13291","1":"product","2":"type-product","3":"status-publish","4":"has-post-thumbnail","6":"product_brand-md-bouwmachines-pl","7":"product_cat-plaskowyze-i-noze","9":"first","10":"instock","11":"taxable","12":"shipping-taxable","13":"purchasable","14":"product-type-variable","15":"has-default-attributes"},"acf":[],"_links":{"self":[{"href":"https:\/\/mdbouwmachines.be\/pl\/wp-json\/wp\/v2\/product\/13291","targetHints":{"allow":["GET"]}}],"collection":[{"href":"https:\/\/mdbouwmachines.be\/pl\/wp-json\/wp\/v2\/product"}],"about":[{"href":"https:\/\/mdbouwmachines.be\/pl\/wp-json\/wp\/v2\/types\/product"}],"wp:featuredmedia":[{"embeddable":true,"href":"https:\/\/mdbouwmachines.be\/pl\/wp-json\/wp\/v2\/media\/13136"}],"wp:attachment":[{"href":"https:\/\/mdbouwmachines.be\/pl\/wp-json\/wp\/v2\/media?parent=13291"}],"wp:term":[{"taxonomy":"product_brand","embeddable":true,"href":"https:\/\/mdbouwmachines.be\/pl\/wp-json\/wp\/v2\/product_brand?post=13291"},{"taxonomy":"product_cat","embeddable":true,"href":"https:\/\/mdbouwmachines.be\/pl\/wp-json\/wp\/v2\/product_cat?post=13291"},{"taxonomy":"product_tag","embeddable":true,"href":"https:\/\/mdbouwmachines.be\/pl\/wp-json\/wp\/v2\/product_tag?post=13291"}],"curies":[{"name":"wp","href":"https:\/\/api.w.org\/{rel}","templated":true}]}}