{"id":13228,"date":"2025-02-10T13:50:56","date_gmt":"2025-02-10T12:50:56","guid":{"rendered":"https:\/\/mdbouwmachines.be\/product\/krazek-do-cwiczen-wstepnych-120cm\/"},"modified":"2025-03-20T14:13:45","modified_gmt":"2025-03-20T13:13:45","slug":"krazek-do-cwiczen-wstepnych-120cm","status":"publish","type":"product","link":"https:\/\/mdbouwmachines.be\/pl\/produkt\/krazek-do-cwiczen-wstepnych-120cm\/","title":{"rendered":"Tarcza 120 cm"},"content":{"rendered":"<p><strong>W\u0142asne, autorskie tarcze do obr\u00f3bki wst\u0119pnej o \u015brednicy 120 cm.<\/strong><\/p>\n<p>S\u0105 one wyposa\u017cone w kraw\u0119d\u017a nachylon\u0105 <strong>pod k\u0105tem 45\u00b0<\/strong> , aby zapobiec gromadzeniu si\u0119 betonu.<br \/><strong>Dost\u0119pny <\/strong>w dw\u00f3ch wersjach: <strong>8 lub 10 wargowej<\/strong> (maszyna z 4 lub 5 ramionami).<\/p>\n<p><strong>Grubo\u015b\u0107 4 mm<\/strong> zapewnia wi\u0119ksz\u0105 wag\u0119, co skutkuje g\u0142adszymi, bardziej p\u0142askimi pod\u0142ogami. Sprawia to r\u00f3wnie\u017c, \u017ce p\u00f3\u0142ki wytrzymuj\u0105 d\u0142u\u017cej.  <strong>Wy\u017csza wydajno\u015b\u0107 i lepszy efekt ko\u0144cowy!<\/strong><\/p>\n<p>Nadaje si\u0119 do <strong>podw\u00f3jnych maszyn polerskich o \u015brednicy 120<\/strong> prawie wszystkich marek, takich jak <strong>Barikell, BTC, Conmec, B-mac, Bartell, AB Lindec, HTX-Whiteman<\/strong> itp.<\/p>\n<p>Nadaje si\u0119 r\u00f3wnie\u017c do <strong>niekt\u00f3rych maszyn polerskich o \u015brednicy 120<\/strong> firm <strong>Barikell, Conmec i AB Lindec<\/strong>.<\/p>\n","protected":false},"excerpt":{"rendered":"<p><strong>W\u0142asne, autorskie tarcze do obr\u00f3bki wst\u0119pnej o \u015brednicy 120 cm.<\/strong><\/p>\n","protected":false},"featured_media":13113,"template":"","meta":{"_acf_changed":false},"product_brand":[1131],"product_cat":[535],"product_tag":[],"class_list":{"0":"post-13228","1":"product","2":"type-product","3":"status-publish","4":"has-post-thumbnail","6":"product_brand-md-bouwmachines-pl","7":"product_cat-plaskowyze-i-noze","9":"first","10":"instock","11":"taxable","12":"shipping-taxable","13":"purchasable","14":"product-type-variable","15":"has-default-attributes"},"acf":[],"_links":{"self":[{"href":"https:\/\/mdbouwmachines.be\/pl\/wp-json\/wp\/v2\/product\/13228","targetHints":{"allow":["GET"]}}],"collection":[{"href":"https:\/\/mdbouwmachines.be\/pl\/wp-json\/wp\/v2\/product"}],"about":[{"href":"https:\/\/mdbouwmachines.be\/pl\/wp-json\/wp\/v2\/types\/product"}],"wp:featuredmedia":[{"embeddable":true,"href":"https:\/\/mdbouwmachines.be\/pl\/wp-json\/wp\/v2\/media\/13113"}],"wp:attachment":[{"href":"https:\/\/mdbouwmachines.be\/pl\/wp-json\/wp\/v2\/media?parent=13228"}],"wp:term":[{"taxonomy":"product_brand","embeddable":true,"href":"https:\/\/mdbouwmachines.be\/pl\/wp-json\/wp\/v2\/product_brand?post=13228"},{"taxonomy":"product_cat","embeddable":true,"href":"https:\/\/mdbouwmachines.be\/pl\/wp-json\/wp\/v2\/product_cat?post=13228"},{"taxonomy":"product_tag","embeddable":true,"href":"https:\/\/mdbouwmachines.be\/pl\/wp-json\/wp\/v2\/product_tag?post=13228"}],"curies":[{"name":"wp","href":"https:\/\/api.w.org\/{rel}","templated":true}]}}