{"id":13209,"date":"2025-02-10T13:19:06","date_gmt":"2025-02-10T12:19:06","guid":{"rendered":"https:\/\/mdbouwmachines.be\/product\/plyta-przygotowawcza-75-rev\/"},"modified":"2025-03-20T13:54:14","modified_gmt":"2025-03-20T12:54:14","slug":"plyta-przygotowawcza-75-rev","status":"publish","type":"product","link":"https:\/\/mdbouwmachines.be\/pl\/produkt\/plyta-przygotowawcza-75-rev\/","title":{"rendered":"P\u0142yta przygotowawcza 75 REV"},"content":{"rendered":"<p><strong>W\u0142asne, autorskie przednie tarcze robocze o \u015brednicy 75 cm.<\/strong><\/p>\n<p>S\u0105 one wyposa\u017cone w kraw\u0119d\u017a nachylon\u0105 <strong>pod k\u0105tem 45\u00b0<\/strong> , aby zapobiec gromadzeniu si\u0119 betonu.<br \/>Wersja <strong>REV <\/strong>(odwracalna) zapewnia, \u017ce platformy mog\u0105 by\u0107 u\u017cywane z <strong>Barikell MK8-75<\/strong>.<\/p>\n<p><strong>Grubo\u015b\u0107 4 mm<\/strong> zapewnia wi\u0119ksz\u0105 wag\u0119, co skutkuje g\u0142adszymi, bardziej p\u0142askimi pod\u0142ogami. Sprawia to r\u00f3wnie\u017c, \u017ce p\u00f3\u0142ki wytrzymuj\u0105 d\u0142u\u017cej.  <strong>Wy\u017csza wydajno\u015b\u0107 i lepszy efekt ko\u0144cowy!<\/strong><\/p>\n<p>Nadaje si\u0119 do <strong>wyko\u0144cze\u0144 kraw\u0119dzi o \u015brednicy 75<\/strong> prawie wszystkich marek, takich jak <strong>Barikell, BTC, Conmec, B-mac, Bartell, AB Lindec, BT<\/strong> itp.<\/p>\n<p>Nadaje si\u0119 r\u00f3wnie\u017c do <strong>Barikell MK8-75<\/strong>.<\/p>\n","protected":false},"excerpt":{"rendered":"<p><strong>W\u0142asne, autorskie przednie tarcze robocze o \u015brednicy 75 cm.<\/strong><\/p>\n","protected":false},"featured_media":13084,"template":"","meta":{"_acf_changed":false},"product_brand":[1131],"product_cat":[535],"product_tag":[],"class_list":{"0":"post-13209","1":"product","2":"type-product","3":"status-publish","4":"has-post-thumbnail","6":"product_brand-md-bouwmachines-pl","7":"product_cat-plaskowyze-i-noze","9":"first","10":"instock","11":"taxable","12":"shipping-taxable","13":"purchasable","14":"product-type-variable","15":"has-default-attributes"},"acf":[],"_links":{"self":[{"href":"https:\/\/mdbouwmachines.be\/pl\/wp-json\/wp\/v2\/product\/13209","targetHints":{"allow":["GET"]}}],"collection":[{"href":"https:\/\/mdbouwmachines.be\/pl\/wp-json\/wp\/v2\/product"}],"about":[{"href":"https:\/\/mdbouwmachines.be\/pl\/wp-json\/wp\/v2\/types\/product"}],"wp:featuredmedia":[{"embeddable":true,"href":"https:\/\/mdbouwmachines.be\/pl\/wp-json\/wp\/v2\/media\/13084"}],"wp:attachment":[{"href":"https:\/\/mdbouwmachines.be\/pl\/wp-json\/wp\/v2\/media?parent=13209"}],"wp:term":[{"taxonomy":"product_brand","embeddable":true,"href":"https:\/\/mdbouwmachines.be\/pl\/wp-json\/wp\/v2\/product_brand?post=13209"},{"taxonomy":"product_cat","embeddable":true,"href":"https:\/\/mdbouwmachines.be\/pl\/wp-json\/wp\/v2\/product_cat?post=13209"},{"taxonomy":"product_tag","embeddable":true,"href":"https:\/\/mdbouwmachines.be\/pl\/wp-json\/wp\/v2\/product_tag?post=13209"}],"curies":[{"name":"wp","href":"https:\/\/api.w.org\/{rel}","templated":true}]}}