{"id":12938,"date":"2025-02-10T09:32:56","date_gmt":"2025-02-10T08:32:56","guid":{"rendered":"https:\/\/mdbouwmachines.be\/product\/krazek-do-cwiczen-wstepnych-75-cm\/"},"modified":"2025-03-20T13:48:48","modified_gmt":"2025-03-20T12:48:48","slug":"krazek-do-cwiczen-wstepnych-75-cm","status":"publish","type":"product","link":"https:\/\/mdbouwmachines.be\/pl\/produkt\/krazek-do-cwiczen-wstepnych-75-cm\/","title":{"rendered":"Kr\u0105\u017cek do \u0107wicze\u0144 wst\u0119pnych 75 cm"},"content":{"rendered":"<p><strong>W\u0142asne, autorskie przednie tarcze robocze o \u015brednicy 75 cm.<\/strong><\/p>\n<p>S\u0105 one wyposa\u017cone w <strong>kraw\u0119d\u017a podniesion\u0105 o 90\u00b0<\/strong> , aby m\u00f3c polerowa\u0107 jak najbli\u017cej \u015bciany.<br \/><strong>Dost\u0119pny <\/strong>w dw\u00f3ch wersjach: <strong>2 lub 4 wargowej.<\/strong><br \/>Jak r\u00f3wnie\u017c w wersji odwracalnej (REV), odpowiedniej dla Barikell double 75.<\/p>\n<p><strong>Grubo\u015b\u0107 3 mm<\/strong> zapewnia ni\u017csz\u0105 wag\u0119, co sprawia, \u017ce monta\u017c\/wymiana p\u00f3\u0142ek jest bardziej przyjazna dla u\u017cytkownika.<\/p>\n<p>Nadaje si\u0119 do wyka\u0144czaczy kraw\u0119dzi o \u015brednicy 75 prawie wszystkich marek, takich jak <strong>Barikell, Whiteman, Wacker, BetonTrowel, BTC, B-mac, Bartell, AB Lindec<\/strong> itp.<\/p>\n","protected":false},"excerpt":{"rendered":"<p><strong>W\u0142asne, autorskie przednie tarcze robocze o \u015brednicy 75 cm.<\/strong><\/p>\n","protected":false},"featured_media":12732,"template":"","meta":{"_acf_changed":false},"product_brand":[1131],"product_cat":[535],"product_tag":[],"class_list":{"0":"post-12938","1":"product","2":"type-product","3":"status-publish","4":"has-post-thumbnail","6":"product_brand-md-bouwmachines-pl","7":"product_cat-plaskowyze-i-noze","9":"first","10":"instock","11":"taxable","12":"shipping-taxable","13":"purchasable","14":"product-type-variable","15":"has-default-attributes"},"acf":[],"_links":{"self":[{"href":"https:\/\/mdbouwmachines.be\/pl\/wp-json\/wp\/v2\/product\/12938","targetHints":{"allow":["GET"]}}],"collection":[{"href":"https:\/\/mdbouwmachines.be\/pl\/wp-json\/wp\/v2\/product"}],"about":[{"href":"https:\/\/mdbouwmachines.be\/pl\/wp-json\/wp\/v2\/types\/product"}],"wp:featuredmedia":[{"embeddable":true,"href":"https:\/\/mdbouwmachines.be\/pl\/wp-json\/wp\/v2\/media\/12732"}],"wp:attachment":[{"href":"https:\/\/mdbouwmachines.be\/pl\/wp-json\/wp\/v2\/media?parent=12938"}],"wp:term":[{"taxonomy":"product_brand","embeddable":true,"href":"https:\/\/mdbouwmachines.be\/pl\/wp-json\/wp\/v2\/product_brand?post=12938"},{"taxonomy":"product_cat","embeddable":true,"href":"https:\/\/mdbouwmachines.be\/pl\/wp-json\/wp\/v2\/product_cat?post=12938"},{"taxonomy":"product_tag","embeddable":true,"href":"https:\/\/mdbouwmachines.be\/pl\/wp-json\/wp\/v2\/product_tag?post=12938"}],"curies":[{"name":"wp","href":"https:\/\/api.w.org\/{rel}","templated":true}]}}