{"id":12910,"date":"2025-02-10T09:02:23","date_gmt":"2025-02-10T08:02:23","guid":{"rendered":"https:\/\/mdbouwmachines.be\/product\/deska-kolanowa\/"},"modified":"2025-02-10T09:02:23","modified_gmt":"2025-02-10T08:02:23","slug":"deska-kolanowa","status":"publish","type":"product","link":"https:\/\/mdbouwmachines.be\/pl\/produkt\/deska-kolanowa\/","title":{"rendered":"Deska kolanowa"},"content":{"rendered":"","protected":false},"excerpt":{"rendered":"<p>Deska na kolana \u0142agodz\u0105ca b\u00f3l po d\u0142ugim czasie kl\u0119czenia. Posiada wyj\u0105tkowo du\u017ce uchwyty. Wykonane z czarnej pianki polipropylenowej.  <\/p>\n<p>603mm x 353mm x 44mm  <\/p>\n","protected":false},"featured_media":18213,"template":"","meta":{"_acf_changed":false},"product_brand":[1131],"product_cat":[497],"product_tag":[],"class_list":{"0":"post-12910","1":"product","2":"type-product","3":"status-publish","4":"has-post-thumbnail","6":"product_brand-md-bouwmachines-pl","7":"product_cat-narzedzia-reczne-i-narzedzia","9":"first","10":"instock","11":"taxable","12":"shipping-taxable","13":"purchasable","14":"product-type-simple"},"acf":[],"_links":{"self":[{"href":"https:\/\/mdbouwmachines.be\/pl\/wp-json\/wp\/v2\/product\/12910","targetHints":{"allow":["GET"]}}],"collection":[{"href":"https:\/\/mdbouwmachines.be\/pl\/wp-json\/wp\/v2\/product"}],"about":[{"href":"https:\/\/mdbouwmachines.be\/pl\/wp-json\/wp\/v2\/types\/product"}],"wp:featuredmedia":[{"embeddable":true,"href":"https:\/\/mdbouwmachines.be\/pl\/wp-json\/wp\/v2\/media\/18213"}],"wp:attachment":[{"href":"https:\/\/mdbouwmachines.be\/pl\/wp-json\/wp\/v2\/media?parent=12910"}],"wp:term":[{"taxonomy":"product_brand","embeddable":true,"href":"https:\/\/mdbouwmachines.be\/pl\/wp-json\/wp\/v2\/product_brand?post=12910"},{"taxonomy":"product_cat","embeddable":true,"href":"https:\/\/mdbouwmachines.be\/pl\/wp-json\/wp\/v2\/product_cat?post=12910"},{"taxonomy":"product_tag","embeddable":true,"href":"https:\/\/mdbouwmachines.be\/pl\/wp-json\/wp\/v2\/product_tag?post=12910"}],"curies":[{"name":"wp","href":"https:\/\/api.w.org\/{rel}","templated":true}]}}