{"id":12873,"date":"2025-02-10T08:46:49","date_gmt":"2025-02-10T07:46:49","guid":{"rendered":"https:\/\/mdbouwmachines.be\/product\/niebieska-stalowa-obrzeze\/"},"modified":"2025-02-10T15:02:36","modified_gmt":"2025-02-10T14:02:36","slug":"niebieska-stalowa-obrzeze","status":"publish","type":"product","link":"https:\/\/mdbouwmachines.be\/pl\/produkt\/niebieska-stalowa-obrzeze\/","title":{"rendered":"Niebieska stalowa obrze\u017ce"},"content":{"rendered":"","protected":false},"excerpt":{"rendered":"<p>Stalowy n\u00f3\u017c do klejenia w kolorze niebieskim z zaokr\u0105glonymi rogami. Idealny do haftu. Dost\u0119pne w 3 r\u00f3\u017cnych rozmiarach.  <\/p>\n","protected":false},"featured_media":12687,"template":"","meta":{"_acf_changed":false},"product_brand":[1131],"product_cat":[497],"product_tag":[],"class_list":{"0":"post-12873","1":"product","2":"type-product","3":"status-publish","4":"has-post-thumbnail","6":"product_brand-md-bouwmachines-pl","7":"product_cat-narzedzia-reczne-i-narzedzia","9":"first","10":"instock","11":"taxable","12":"shipping-taxable","13":"purchasable","14":"product-type-variable","15":"has-default-attributes"},"acf":[],"_links":{"self":[{"href":"https:\/\/mdbouwmachines.be\/pl\/wp-json\/wp\/v2\/product\/12873","targetHints":{"allow":["GET"]}}],"collection":[{"href":"https:\/\/mdbouwmachines.be\/pl\/wp-json\/wp\/v2\/product"}],"about":[{"href":"https:\/\/mdbouwmachines.be\/pl\/wp-json\/wp\/v2\/types\/product"}],"wp:featuredmedia":[{"embeddable":true,"href":"https:\/\/mdbouwmachines.be\/pl\/wp-json\/wp\/v2\/media\/12687"}],"wp:attachment":[{"href":"https:\/\/mdbouwmachines.be\/pl\/wp-json\/wp\/v2\/media?parent=12873"}],"wp:term":[{"taxonomy":"product_brand","embeddable":true,"href":"https:\/\/mdbouwmachines.be\/pl\/wp-json\/wp\/v2\/product_brand?post=12873"},{"taxonomy":"product_cat","embeddable":true,"href":"https:\/\/mdbouwmachines.be\/pl\/wp-json\/wp\/v2\/product_cat?post=12873"},{"taxonomy":"product_tag","embeddable":true,"href":"https:\/\/mdbouwmachines.be\/pl\/wp-json\/wp\/v2\/product_tag?post=12873"}],"curies":[{"name":"wp","href":"https:\/\/api.w.org\/{rel}","templated":true}]}}