{"id":12872,"date":"2025-01-24T10:54:50","date_gmt":"2025-01-24T09:54:50","guid":{"rendered":"https:\/\/mdbouwmachines.be\/product\/kombi-mk-8-75-4-80\/"},"modified":"2025-01-24T10:54:50","modified_gmt":"2025-01-24T09:54:50","slug":"kombi-mk-8-75-4-80","status":"publish","type":"product","link":"https:\/\/mdbouwmachines.be\/pl\/produkt\/kombi-mk-8-75-4-80\/","title":{"rendered":"KOMBI MK 8-75 \/ 4-80"},"content":{"rendered":"","protected":false},"excerpt":{"rendered":"<\/p>\n<p><span>Opakowanie (4 sztuki) ostrzy kombinowanych o d\u0142ugo\u015bci 75 cm, odpowiednich do<\/span> <strong style=\"font-family: var(--wp--preset--font-family--system-font)\">maszynki Barikell<\/strong> <span>.<\/span><\/p>\n<p><\/p>\n<p><span>Wysokiej jako\u015bci stop pozwala na wyko\u0144czenie wi\u0119kszej powierzchni ni\u017c w przypadku standardowych marek. Czasami powierzchnia jest dwukrotnie wi\u0119ksza! <\/span><\/p>\n<p>Dzi\u0119ki temu zmniejszaj\u0105 si\u0119 koszty w przeliczeniu na m\u00b2 i skraca si\u0119 czas potrzebny na zmian\u0119.<\/p>\n<p><strong>Spakowane po 4 sztuki.<\/strong><\/p>\n","protected":false},"featured_media":15641,"template":"","meta":{"_acf_changed":false},"product_brand":[1131],"product_cat":[531],"product_tag":[],"class_list":{"0":"post-12872","1":"product","2":"type-product","3":"status-publish","4":"has-post-thumbnail","6":"product_brand-md-bouwmachines-pl","7":"product_cat-arkusze-kombinowane","9":"first","10":"instock","11":"taxable","12":"shipping-taxable","13":"purchasable","14":"product-type-simple"},"acf":[],"_links":{"self":[{"href":"https:\/\/mdbouwmachines.be\/pl\/wp-json\/wp\/v2\/product\/12872","targetHints":{"allow":["GET"]}}],"collection":[{"href":"https:\/\/mdbouwmachines.be\/pl\/wp-json\/wp\/v2\/product"}],"about":[{"href":"https:\/\/mdbouwmachines.be\/pl\/wp-json\/wp\/v2\/types\/product"}],"wp:featuredmedia":[{"embeddable":true,"href":"https:\/\/mdbouwmachines.be\/pl\/wp-json\/wp\/v2\/media\/15641"}],"wp:attachment":[{"href":"https:\/\/mdbouwmachines.be\/pl\/wp-json\/wp\/v2\/media?parent=12872"}],"wp:term":[{"taxonomy":"product_brand","embeddable":true,"href":"https:\/\/mdbouwmachines.be\/pl\/wp-json\/wp\/v2\/product_brand?post=12872"},{"taxonomy":"product_cat","embeddable":true,"href":"https:\/\/mdbouwmachines.be\/pl\/wp-json\/wp\/v2\/product_cat?post=12872"},{"taxonomy":"product_tag","embeddable":true,"href":"https:\/\/mdbouwmachines.be\/pl\/wp-json\/wp\/v2\/product_tag?post=12872"}],"curies":[{"name":"wp","href":"https:\/\/api.w.org\/{rel}","templated":true}]}}