{"id":12849,"date":"2025-01-24T09:53:13","date_gmt":"2025-01-24T09:53:13","guid":{"rendered":"https:\/\/mdbouwmachines.be\/product\/utwardzacz-20-l-lakier\/"},"modified":"2025-01-24T09:53:13","modified_gmt":"2025-01-24T08:53:13","slug":"utwardzacz-20-l-lakier","status":"publish","type":"product","link":"https:\/\/mdbouwmachines.be\/pl\/produkt\/utwardzacz-20-l-lakier\/","title":{"rendered":"Utwardzacz 20 l \u2013 Lakier"},"content":{"rendered":"","protected":false},"excerpt":{"rendered":"<p>Produkt do p\u00f3\u017aniejszej obr\u00f3bki przemys\u0142owo polerowanych pod\u0142\u00f3g betonowych, spowalniaj\u0105cy parowanie wody. Zapobiega przedwczesnemu wysychaniu \u015bwie\u017co polerowanych pod\u0142\u00f3g betonowych. Zapobiega r\u00f3wnie\u017c p\u0119kni\u0119ciom skurczowym i problemom z powierzchni\u0105.  <\/p>\n","protected":false},"featured_media":9553,"template":"","meta":{"_acf_changed":false},"product_brand":[1131],"product_cat":[525],"product_tag":[],"class_list":{"0":"post-12849","1":"product","2":"type-product","3":"status-publish","4":"has-post-thumbnail","6":"product_brand-md-bouwmachines-pl","7":"product_cat-materialy-eksploatacyjne","9":"first","10":"instock","11":"taxable","12":"shipping-taxable","13":"purchasable","14":"product-type-variable","15":"has-default-attributes"},"acf":[],"_links":{"self":[{"href":"https:\/\/mdbouwmachines.be\/pl\/wp-json\/wp\/v2\/product\/12849","targetHints":{"allow":["GET"]}}],"collection":[{"href":"https:\/\/mdbouwmachines.be\/pl\/wp-json\/wp\/v2\/product"}],"about":[{"href":"https:\/\/mdbouwmachines.be\/pl\/wp-json\/wp\/v2\/types\/product"}],"wp:featuredmedia":[{"embeddable":true,"href":"https:\/\/mdbouwmachines.be\/pl\/wp-json\/wp\/v2\/media\/9553"}],"wp:attachment":[{"href":"https:\/\/mdbouwmachines.be\/pl\/wp-json\/wp\/v2\/media?parent=12849"}],"wp:term":[{"taxonomy":"product_brand","embeddable":true,"href":"https:\/\/mdbouwmachines.be\/pl\/wp-json\/wp\/v2\/product_brand?post=12849"},{"taxonomy":"product_cat","embeddable":true,"href":"https:\/\/mdbouwmachines.be\/pl\/wp-json\/wp\/v2\/product_cat?post=12849"},{"taxonomy":"product_tag","embeddable":true,"href":"https:\/\/mdbouwmachines.be\/pl\/wp-json\/wp\/v2\/product_tag?post=12849"}],"curies":[{"name":"wp","href":"https:\/\/api.w.org\/{rel}","templated":true}]}}