{"id":12828,"date":"2025-02-06T14:26:17","date_gmt":"2025-02-06T13:26:17","guid":{"rendered":"https:\/\/mdbouwmachines.be\/product\/wyplukany-produkt\/"},"modified":"2025-02-06T14:26:17","modified_gmt":"2025-02-06T13:26:17","slug":"wyplukany-produkt","status":"publish","type":"product","link":"https:\/\/mdbouwmachines.be\/pl\/produkt\/wyplukany-produkt\/","title":{"rendered":"Wyp\u0142ukany produkt"},"content":{"rendered":"","protected":false},"excerpt":{"rendered":"<p>Op\u00f3\u017aniacz powierzchniowy \u2013 do wyp\u0142ukiwania betonu. Butelki na wod\u0119 po 25L lub na palet\u0119 (600L)<br \/> R\u00f3\u017cne kolory pozwalaj\u0105 na sp\u0142ukiwanie na r\u00f3\u017cnej g\u0142\u0119boko\u015bci. <\/p>\n","protected":false},"featured_media":13146,"template":"","meta":{"_acf_changed":false},"product_brand":[1175],"product_cat":[525],"product_tag":[],"class_list":{"0":"post-12828","1":"product","2":"type-product","3":"status-publish","4":"has-post-thumbnail","6":"product_brand-demula-pl","7":"product_cat-materialy-eksploatacyjne","9":"first","10":"instock","11":"taxable","12":"shipping-taxable","13":"purchasable","14":"product-type-variable","15":"has-default-attributes"},"acf":[],"_links":{"self":[{"href":"https:\/\/mdbouwmachines.be\/pl\/wp-json\/wp\/v2\/product\/12828","targetHints":{"allow":["GET"]}}],"collection":[{"href":"https:\/\/mdbouwmachines.be\/pl\/wp-json\/wp\/v2\/product"}],"about":[{"href":"https:\/\/mdbouwmachines.be\/pl\/wp-json\/wp\/v2\/types\/product"}],"wp:featuredmedia":[{"embeddable":true,"href":"https:\/\/mdbouwmachines.be\/pl\/wp-json\/wp\/v2\/media\/13146"}],"wp:attachment":[{"href":"https:\/\/mdbouwmachines.be\/pl\/wp-json\/wp\/v2\/media?parent=12828"}],"wp:term":[{"taxonomy":"product_brand","embeddable":true,"href":"https:\/\/mdbouwmachines.be\/pl\/wp-json\/wp\/v2\/product_brand?post=12828"},{"taxonomy":"product_cat","embeddable":true,"href":"https:\/\/mdbouwmachines.be\/pl\/wp-json\/wp\/v2\/product_cat?post=12828"},{"taxonomy":"product_tag","embeddable":true,"href":"https:\/\/mdbouwmachines.be\/pl\/wp-json\/wp\/v2\/product_tag?post=12828"}],"curies":[{"name":"wp","href":"https:\/\/api.w.org\/{rel}","templated":true}]}}