{"id":12824,"date":"2025-02-06T14:12:26","date_gmt":"2025-02-06T13:12:26","guid":{"rendered":"https:\/\/mdbouwmachines.be\/product\/barikell-60-wyprany\/"},"modified":"2025-06-23T12:36:10","modified_gmt":"2025-06-23T11:36:10","slug":"barikell-60-wyprany","status":"publish","type":"product","link":"https:\/\/mdbouwmachines.be\/pl\/produkt\/barikell-60-wyprany\/","title":{"rendered":"BARIKELL 60 wyp\u0142ukany"},"content":{"rendered":"\n<hr class=\"wp-block-separator has-alpha-channel-opacity is-style-dots\" \/>\n\n<h2 class=\"wp-block-heading\">Definicja<\/h2>\n\n<p>Opracowany przez nas Barikell 60 do mycia betonu.<\/p>\n\n<p>Korzystaj\u0105c z tej maszyny, mo\u017cesz znacznie przyspieszy\u0107 proces prania. Dzi\u0119ki temu maszyna ma nie tylko ogromn\u0105 zalet\u0119 w postaci oszcz\u0119dno\u015bci czasu, ale jest r\u00f3wnie\u017c op\u0142acalna. Co wi\u0119cej, zastosowanie tej maszyny zapewnia r\u00f3wnie\u017c lepszy efekt estetyczny. \u015alady znakowania wi\u00f3r\u00f3w znakuj\u0105cych s\u0105 zminimalizowane.   <\/p>\n\n<p>Ka\u017cdy z 3 r\u00f3\u017cnych rodzaj\u00f3w szczotek mo\u017ce by\u0107 u\u017cywany do okre\u015blonej g\u0142\u0119boko\u015bci zmywania i\/lub zastosowania:<\/p>\n\n<ul class=\"wp-block-list\">\n<li>Twarda szczotka: do g\u0142\u0119boko\u015bci wymywania 2 mm lub wi\u0119kszej<\/li>\n\n\n\n<li>Szczotka p\u00f3\u0142sztywna: do g\u0142\u0119boko\u015bci wymywania mniejszej ni\u017c 2 mm<\/li>\n\n\n\n<li>Mi\u0119kka szczotka: do nak\u0142adania wosku na posadzki betonowe<\/li>\n<\/ul>\n\n<hr class=\"wp-block-separator has-alpha-channel-opacity\" \/>\n\n<h2 class=\"wp-block-heading\">Informacje techniczne<\/h2>\n\n<h3 class=\"wp-block-heading\"><strong>Og\u00f3lne<\/strong><\/h3>\n\n<figure class=\"wp-block-table\"><table class=\"has-fixed-layout\"><tbody><tr><td>\u015arednica robocza<\/td><td>60 cm<\/td><\/tr><\/tbody><\/table><\/figure>\n\n<h3 class=\"wp-block-heading\"><strong>Wymiary<\/strong><\/h3>\n\n<figure class=\"wp-block-table\"><table class=\"has-fixed-layout\"><tbody><tr><td>D\u0142ugo\u015b\u0107 (mm)<\/td><td>1406<\/td><\/tr><tr><td>Szeroko\u015b\u0107 (mm)<\/td><td>600<\/td><\/tr><tr><td>Wysoko\u015b\u0107 (mm)<\/td><td>1000<\/td><\/tr><tr><td>Waga (kg)<\/td><td>40 (\u00b1)<\/td><\/tr><\/tbody><\/table><\/figure>\n\n<hr class=\"wp-block-separator has-alpha-channel-opacity is-style-dots\" \/>\n","protected":false},"excerpt":{"rendered":"<p>Opracowany przez nas Barikell 60 do mycia betonu.<br \/>Ta maszyna jest standardowo wyposa\u017cona w 3 szczotki, po jednej ka\u017cdego typu.<\/p>\n","protected":false},"featured_media":13163,"template":"","meta":{"_acf_changed":false},"product_brand":[1126],"product_cat":[434],"product_tag":[],"class_list":{"0":"post-12824","1":"product","2":"type-product","3":"status-publish","4":"has-post-thumbnail","6":"product_brand-barikell-pl","7":"product_cat-wykanczacze-krawedzi","9":"first","10":"instock","11":"taxable","12":"shipping-taxable","13":"purchasable","14":"product-type-simple"},"acf":[],"_links":{"self":[{"href":"https:\/\/mdbouwmachines.be\/pl\/wp-json\/wp\/v2\/product\/12824","targetHints":{"allow":["GET"]}}],"collection":[{"href":"https:\/\/mdbouwmachines.be\/pl\/wp-json\/wp\/v2\/product"}],"about":[{"href":"https:\/\/mdbouwmachines.be\/pl\/wp-json\/wp\/v2\/types\/product"}],"wp:featuredmedia":[{"embeddable":true,"href":"https:\/\/mdbouwmachines.be\/pl\/wp-json\/wp\/v2\/media\/13163"}],"wp:attachment":[{"href":"https:\/\/mdbouwmachines.be\/pl\/wp-json\/wp\/v2\/media?parent=12824"}],"wp:term":[{"taxonomy":"product_brand","embeddable":true,"href":"https:\/\/mdbouwmachines.be\/pl\/wp-json\/wp\/v2\/product_brand?post=12824"},{"taxonomy":"product_cat","embeddable":true,"href":"https:\/\/mdbouwmachines.be\/pl\/wp-json\/wp\/v2\/product_cat?post=12824"},{"taxonomy":"product_tag","embeddable":true,"href":"https:\/\/mdbouwmachines.be\/pl\/wp-json\/wp\/v2\/product_tag?post=12824"}],"curies":[{"name":"wp","href":"https:\/\/api.w.org\/{rel}","templated":true}]}}