{"id":12789,"date":"2025-02-06T14:04:48","date_gmt":"2025-02-06T13:04:48","guid":{"rendered":"https:\/\/mdbouwmachines.be\/product\/barikell-60-polski\/"},"modified":"2025-06-23T12:36:05","modified_gmt":"2025-06-23T11:36:05","slug":"barikell-60-polski","status":"publish","type":"product","link":"https:\/\/mdbouwmachines.be\/pl\/produkt\/barikell-60-polski\/","title":{"rendered":"BARIKELL Moskito 60 Polerowanie"},"content":{"rendered":"\n<hr class=\"wp-block-separator has-alpha-channel-opacity is-style-dots\" \/>\n\n<h2 class=\"wp-block-heading\">Definicja<\/h2>\n\n<p>Moskito 60 Polishing s\u0142u\u017cy w zale\u017cno\u015bci od rodzaju pad\u00f3w do od\u015bwie\u017cania posadzek lub szlifowania betonu. (klocki nie s\u0105 do\u0142\u0105czone do maszyny) <\/p>\n\n<p>to zmodyfikowany Moskito 60. 4 ramiona wyposa\u017cone s\u0105 w uchwyty, na kt\u00f3rych mo\u017cna umie\u015bci\u0107 3 pady polerskie. Same uchwyty s\u0105 przymocowane do ramion za pomoc\u0105 osi i \u0142o\u017cyska, dzi\u0119ki czemu obracaj\u0105 si\u0119 r\u00f3wnie\u017c wok\u00f3\u0142 w\u0142asnej osi pod wp\u0142ywem si\u0142y od\u015brodkowej. Gwarantuje to, \u017ce maksymalna powierzchnia mo\u017ce by\u0107 obrabiana przy u\u017cyciu stosunkowo niewielu p\u00f3l lutowniczych. Maszyna jest r\u00f3wnie\u017c wyposa\u017cona w szczotk\u0119 na zewn\u0119trznym pier\u015bcieniu, kt\u00f3ra zapobiega rozprzestrzenianiu si\u0119 kurzu. Ponadto r\u0119koje\u015b\u0107 jest sk\u0142adana, a Polishing 60 jest wyposa\u017cony w hak do podnoszenia. Dzi\u0119ki temu maszyna jest bardzo \u0142atwa w transporcie, nie zajmuj\u0105c przy tym du\u017co miejsca.      <\/p>\n\n<p>Moskito 60 Polishing jest wyposa\u017cony w silnik Honda o mocy 5,5 KM (GX 160).<\/p>\n\n<hr class=\"wp-block-separator has-alpha-channel-opacity\" \/>\n\n<h2 class=\"wp-block-heading\">Informacje techniczne<\/h2>\n\n<p><strong>Og\u00f3lne<\/strong><\/p>\n\n<figure class=\"wp-block-table\"><table class=\"has-fixed-layout\"><tbody><tr><td>\u015arednica robocza<\/td><td>60 cm<\/td><\/tr><\/tbody><\/table><\/figure>\n\n<p><strong>Wymiary<\/strong><\/p>\n\n<figure class=\"wp-block-table\"><table class=\"has-fixed-layout\"><tbody><tr><td>D\u0142ugo\u015b\u0107 (mm)<\/td><td>1506<\/td><\/tr><tr><td>Szeroko\u015b\u0107 (mm)<\/td><td>600<\/td><\/tr><tr><td>Wysoko\u015b\u0107 (mm)<\/td><td>1000<\/td><\/tr><tr><td>Waga (kg)<\/td><td>55 (\u00b1)<\/td><\/tr><\/tbody><\/table><\/figure>\n","protected":false},"excerpt":{"rendered":"<p>Polerowanie Moskito 60 od marki Barikell. Nadaje si\u0119 do wielu zastosowa\u0144, w zale\u017cno\u015bci od rodzaju klock\u00f3w (nie s\u0105 one do\u0142\u0105czone do maszyny). <\/p>\n<p>Aby uzyska\u0107 dok\u0142adny proces krok po kroku, zawsze mo\u017cesz do nas zadzwoni\u0107.<\/p>\n","protected":false},"featured_media":13434,"template":"","meta":{"_acf_changed":false},"product_brand":[1126],"product_cat":[434],"product_tag":[],"class_list":{"0":"post-12789","1":"product","2":"type-product","3":"status-publish","4":"has-post-thumbnail","6":"product_brand-barikell-pl","7":"product_cat-wykanczacze-krawedzi","9":"first","10":"instock","11":"taxable","12":"shipping-taxable","13":"purchasable","14":"product-type-variable","15":"has-default-attributes"},"acf":[],"_links":{"self":[{"href":"https:\/\/mdbouwmachines.be\/pl\/wp-json\/wp\/v2\/product\/12789","targetHints":{"allow":["GET"]}}],"collection":[{"href":"https:\/\/mdbouwmachines.be\/pl\/wp-json\/wp\/v2\/product"}],"about":[{"href":"https:\/\/mdbouwmachines.be\/pl\/wp-json\/wp\/v2\/types\/product"}],"wp:featuredmedia":[{"embeddable":true,"href":"https:\/\/mdbouwmachines.be\/pl\/wp-json\/wp\/v2\/media\/13434"}],"wp:attachment":[{"href":"https:\/\/mdbouwmachines.be\/pl\/wp-json\/wp\/v2\/media?parent=12789"}],"wp:term":[{"taxonomy":"product_brand","embeddable":true,"href":"https:\/\/mdbouwmachines.be\/pl\/wp-json\/wp\/v2\/product_brand?post=12789"},{"taxonomy":"product_cat","embeddable":true,"href":"https:\/\/mdbouwmachines.be\/pl\/wp-json\/wp\/v2\/product_cat?post=12789"},{"taxonomy":"product_tag","embeddable":true,"href":"https:\/\/mdbouwmachines.be\/pl\/wp-json\/wp\/v2\/product_tag?post=12789"}],"curies":[{"name":"wp","href":"https:\/\/api.w.org\/{rel}","templated":true}]}}