{"id":12759,"date":"2025-02-06T13:31:18","date_gmt":"2025-02-06T12:31:18","guid":{"rendered":"https:\/\/mdbouwmachines.be\/product\/conmec-mk10-120-hcs\/"},"modified":"2025-06-23T12:35:17","modified_gmt":"2025-06-23T11:35:17","slug":"conmec-mk10-120-hcs","status":"publish","type":"product","link":"https:\/\/mdbouwmachines.be\/pl\/produkt\/conmec-mk10-120-hcs\/","title":{"rendered":"Hydraulika CONMEC Double 10-120"},"content":{"rendered":"","protected":false},"excerpt":{"rendered":"<p>Supermocny model Double 120 od marki Conmec. Najmocniejsza rama na rynku, wykonana z litej stali. Wyposa\u017cony w silnik Vanguard o mocy 35 KM lub silnik Vanguard z wtryskiem 40 KM. Do wyboru 8 lub 10 arkuszy. Zawsze wyposa\u017cony w hydrauliczny uk\u0142ad kierowniczy \u2013 MI\u0118KKI uk\u0142ad kierowniczy, wyj\u0105tkowo dobry, p\u0142ynny uk\u0142ad kierowniczy. W zestawie system natrysku wody (dysze wytwarzaj\u0105ce bardzo delikatn\u0105 mgie\u0142k\u0119), sprz\u0119g\u0142o przek\u0142adni hydrokinetycznej. Waga \u2013 490 kg.      <\/p>\n","protected":false},"featured_media":18286,"template":"","meta":{"_acf_changed":false},"product_brand":[1219],"product_cat":[362],"product_tag":[],"class_list":{"0":"post-12759","1":"product","2":"type-product","3":"status-publish","4":"has-post-thumbnail","6":"product_brand-conmec-pl","7":"product_cat-podwojne-maszyny-polerskie","9":"first","10":"instock","11":"taxable","12":"shipping-taxable","13":"purchasable","14":"product-type-variable","15":"has-default-attributes"},"acf":[],"_links":{"self":[{"href":"https:\/\/mdbouwmachines.be\/pl\/wp-json\/wp\/v2\/product\/12759","targetHints":{"allow":["GET"]}}],"collection":[{"href":"https:\/\/mdbouwmachines.be\/pl\/wp-json\/wp\/v2\/product"}],"about":[{"href":"https:\/\/mdbouwmachines.be\/pl\/wp-json\/wp\/v2\/types\/product"}],"wp:featuredmedia":[{"embeddable":true,"href":"https:\/\/mdbouwmachines.be\/pl\/wp-json\/wp\/v2\/media\/18286"}],"wp:attachment":[{"href":"https:\/\/mdbouwmachines.be\/pl\/wp-json\/wp\/v2\/media?parent=12759"}],"wp:term":[{"taxonomy":"product_brand","embeddable":true,"href":"https:\/\/mdbouwmachines.be\/pl\/wp-json\/wp\/v2\/product_brand?post=12759"},{"taxonomy":"product_cat","embeddable":true,"href":"https:\/\/mdbouwmachines.be\/pl\/wp-json\/wp\/v2\/product_cat?post=12759"},{"taxonomy":"product_tag","embeddable":true,"href":"https:\/\/mdbouwmachines.be\/pl\/wp-json\/wp\/v2\/product_tag?post=12759"}],"curies":[{"name":"wp","href":"https:\/\/api.w.org\/{rel}","templated":true}]}}