{"id":12648,"date":"2025-01-24T09:55:02","date_gmt":"2025-01-24T09:55:02","guid":{"rendered":"https:\/\/mdbouwmachines.be\/product\/reczna-frezarka\/"},"modified":"2025-01-24T09:55:02","modified_gmt":"2025-01-24T08:55:02","slug":"reczna-frezarka","status":"publish","type":"product","link":"https:\/\/mdbouwmachines.be\/pl\/produkt\/reczna-frezarka\/","title":{"rendered":"R\u0119czna frezarka"},"content":{"rendered":"","protected":false},"excerpt":{"rendered":"<p>#8202 Stal nierdzewna Betonowy rowek r\u0119czny: 180 mm x 110 mm x 10 mm (wysoko\u015b\u0107 kraw\u0119dzi)<\/p>\n<p>#8204 Stal nierdzewna Rowek r\u0119czny do betonu: 180 mm x 110 mm x 32 mm (wysoko\u015b\u0107 kraw\u0119dzi)<\/p>\n<p><\/p>\n","protected":false},"featured_media":12638,"template":"","meta":{"_acf_changed":false},"product_brand":[1131],"product_cat":[497],"product_tag":[],"class_list":{"0":"post-12648","1":"product","2":"type-product","3":"status-publish","4":"has-post-thumbnail","6":"product_brand-md-bouwmachines-pl","7":"product_cat-narzedzia-reczne-i-narzedzia","9":"first","10":"instock","11":"taxable","12":"shipping-taxable","13":"purchasable","14":"product-type-variable","15":"has-default-attributes"},"acf":[],"_links":{"self":[{"href":"https:\/\/mdbouwmachines.be\/pl\/wp-json\/wp\/v2\/product\/12648","targetHints":{"allow":["GET"]}}],"collection":[{"href":"https:\/\/mdbouwmachines.be\/pl\/wp-json\/wp\/v2\/product"}],"about":[{"href":"https:\/\/mdbouwmachines.be\/pl\/wp-json\/wp\/v2\/types\/product"}],"wp:featuredmedia":[{"embeddable":true,"href":"https:\/\/mdbouwmachines.be\/pl\/wp-json\/wp\/v2\/media\/12638"}],"wp:attachment":[{"href":"https:\/\/mdbouwmachines.be\/pl\/wp-json\/wp\/v2\/media?parent=12648"}],"wp:term":[{"taxonomy":"product_brand","embeddable":true,"href":"https:\/\/mdbouwmachines.be\/pl\/wp-json\/wp\/v2\/product_brand?post=12648"},{"taxonomy":"product_cat","embeddable":true,"href":"https:\/\/mdbouwmachines.be\/pl\/wp-json\/wp\/v2\/product_cat?post=12648"},{"taxonomy":"product_tag","embeddable":true,"href":"https:\/\/mdbouwmachines.be\/pl\/wp-json\/wp\/v2\/product_tag?post=12648"}],"curies":[{"name":"wp","href":"https:\/\/api.w.org\/{rel}","templated":true}]}}