{"id":12629,"date":"2025-01-24T10:54:32","date_gmt":"2025-01-24T09:54:32","guid":{"rendered":"https:\/\/mdbouwmachines.be\/product\/wykanczarka-krawedzi-60-akumulator-litowo-jonowy\/"},"modified":"2025-06-23T12:28:11","modified_gmt":"2025-06-23T11:28:11","slug":"wykanczarka-krawedzi-60-akumulator-litowo-jonowy","status":"publish","type":"product","link":"https:\/\/mdbouwmachines.be\/pl\/produkt\/wykanczarka-krawedzi-60-akumulator-litowo-jonowy\/","title":{"rendered":"Elektryczna wyka\u0144czacz kraw\u0119dzi CONMEC 60"},"content":{"rendered":"","protected":false},"excerpt":{"rendered":"<ul>\n<li>\n<p>Silnik: 48V<\/p>\n<\/li>\n<li>\n<p>Wbudowany hak podnosz\u0105cy<\/p>\n<\/li>\n<li>\n<p>Czas \u0142adowania pe\u0142nej baterii: 2 godziny<\/p>\n<\/li>\n<li>\n<p>Czas \u0142adowania baterii 3\/4: 1 godzina<\/p>\n<\/li>\n<li>\n<p>Autonomia: 2h30 pod najwi\u0119kszym obci\u0105\u017ceniem i 3 godziny na no\u017cach na ka\u017cdej baterii 60 V!<\/p>\n<\/li>\n<li>\n<p>Idealnie ustabilizowana maszyna<\/p>\n<\/li>\n<li>\n<p>Sk\u0142adana r\u0105czka!<\/p>\n<\/li>\n<li>\n<p>Brak konieczno\u015bci konserwacji silnika elektrycznego (koniec ze \u015bwiecami zap\u0142onowymi, filtrami powietrza i olejem)<\/p>\n<\/li>\n<li>\n<p>Brak koszt\u00f3w paliwa (oszcz\u0119dno\u015b\u0107 120 euro na 1000 m\u00b2)<\/p>\n<\/li>\n<li>\n<p>Pr\u0119dko\u015b\u0107: 0-180 obr.\/min (opcja przepustnicy i p\u0142ynna regulacja)<\/p>\n<\/li>\n<li>\n<p>Wy\u015bwietlacz ekranowy z liczb\u0105 obrot\u00f3w na minut\u0119 i procentem na\u0142adowania akumulatora<\/p>\n<\/li>\n<li>\n<p>Elektrycznie sterowane ostrza w g\u00f3r\u0119 i w d\u00f3\u0142!<\/p>\n<\/li>\n<li>\n<p>Niepor\u00f3wnywalny moment obrotowy z silnikiem benzynowym lub wysokopr\u0119\u017cnym<\/p>\n<\/li>\n<li>\n<p>\u0141adowanie mo\u017cna wykona\u0107 na miejscu!<\/p>\n<\/li>\n<li>\n<p>Wymienne baterie bez konieczno\u015bci pod\u0142\u0105czania i u\u017cywania, wystarczy umie\u015bci\u0107 je w walizce.<\/p>\n<\/li>\n<li>\n<p>Koniec ze skargami na ha\u0142as i zatruciem tlenkiem w\u0119gla<\/p>\n<\/li>\n<li>\n<p>W ZESTAWIE 2 BATERIA I \u0141ADOWARKA!<\/p>\n<\/li>\n<\/ul>\n","protected":false},"featured_media":18708,"template":"","meta":{"_acf_changed":false},"product_brand":[1219],"product_cat":[434],"product_tag":[646],"class_list":{"0":"post-12629","1":"product","2":"type-product","3":"status-publish","4":"has-post-thumbnail","6":"product_brand-conmec-pl","7":"product_cat-wykanczacze-krawedzi","8":"product_tag-ekskluzywny","10":"first","11":"instock","12":"featured","13":"taxable","14":"shipping-taxable","15":"purchasable","16":"product-type-simple"},"acf":[],"_links":{"self":[{"href":"https:\/\/mdbouwmachines.be\/pl\/wp-json\/wp\/v2\/product\/12629","targetHints":{"allow":["GET"]}}],"collection":[{"href":"https:\/\/mdbouwmachines.be\/pl\/wp-json\/wp\/v2\/product"}],"about":[{"href":"https:\/\/mdbouwmachines.be\/pl\/wp-json\/wp\/v2\/types\/product"}],"wp:featuredmedia":[{"embeddable":true,"href":"https:\/\/mdbouwmachines.be\/pl\/wp-json\/wp\/v2\/media\/18708"}],"wp:attachment":[{"href":"https:\/\/mdbouwmachines.be\/pl\/wp-json\/wp\/v2\/media?parent=12629"}],"wp:term":[{"taxonomy":"product_brand","embeddable":true,"href":"https:\/\/mdbouwmachines.be\/pl\/wp-json\/wp\/v2\/product_brand?post=12629"},{"taxonomy":"product_cat","embeddable":true,"href":"https:\/\/mdbouwmachines.be\/pl\/wp-json\/wp\/v2\/product_cat?post=12629"},{"taxonomy":"product_tag","embeddable":true,"href":"https:\/\/mdbouwmachines.be\/pl\/wp-json\/wp\/v2\/product_tag?post=12629"}],"curies":[{"name":"wp","href":"https:\/\/api.w.org\/{rel}","templated":true}]}}