{"id":12610,"date":"2025-01-24T09:53:46","date_gmt":"2025-01-24T08:53:46","guid":{"rendered":"https:\/\/mdbouwmachines.be\/product\/kielnia-reczna-ancora\/"},"modified":"2025-06-23T12:28:49","modified_gmt":"2025-06-23T11:28:49","slug":"kielnia-reczna-ancora","status":"publish","type":"product","link":"https:\/\/mdbouwmachines.be\/pl\/produkt\/kielnia-reczna-ancora\/","title":{"rendered":"Kielnia r\u0119czna ANCORA"},"content":{"rendered":"","protected":false},"excerpt":{"rendered":"<p>\u017betony r\u0119czne marki ANCORA, dost\u0119pne tylko w rozmiarze 280&#215;120.<\/p>\n","protected":false},"featured_media":12606,"template":"","meta":{"_acf_changed":false},"product_brand":[1190],"product_cat":[497],"product_tag":[],"class_list":{"0":"post-12610","1":"product","2":"type-product","3":"status-publish","4":"has-post-thumbnail","6":"product_brand-ancora-pl","7":"product_cat-narzedzia-reczne-i-narzedzia","9":"first","10":"instock","11":"taxable","12":"shipping-taxable","13":"purchasable","14":"product-type-simple"},"acf":[],"_links":{"self":[{"href":"https:\/\/mdbouwmachines.be\/pl\/wp-json\/wp\/v2\/product\/12610","targetHints":{"allow":["GET"]}}],"collection":[{"href":"https:\/\/mdbouwmachines.be\/pl\/wp-json\/wp\/v2\/product"}],"about":[{"href":"https:\/\/mdbouwmachines.be\/pl\/wp-json\/wp\/v2\/types\/product"}],"wp:featuredmedia":[{"embeddable":true,"href":"https:\/\/mdbouwmachines.be\/pl\/wp-json\/wp\/v2\/media\/12606"}],"wp:attachment":[{"href":"https:\/\/mdbouwmachines.be\/pl\/wp-json\/wp\/v2\/media?parent=12610"}],"wp:term":[{"taxonomy":"product_brand","embeddable":true,"href":"https:\/\/mdbouwmachines.be\/pl\/wp-json\/wp\/v2\/product_brand?post=12610"},{"taxonomy":"product_cat","embeddable":true,"href":"https:\/\/mdbouwmachines.be\/pl\/wp-json\/wp\/v2\/product_cat?post=12610"},{"taxonomy":"product_tag","embeddable":true,"href":"https:\/\/mdbouwmachines.be\/pl\/wp-json\/wp\/v2\/product_tag?post=12610"}],"curies":[{"name":"wp","href":"https:\/\/api.w.org\/{rel}","templated":true}]}}