{"id":12584,"date":"2025-01-24T09:53:23","date_gmt":"2025-01-24T08:53:23","guid":{"rendered":"https:\/\/mdbouwmachines.be\/product\/lissmac-compactcut-300p\/"},"modified":"2025-01-24T09:53:23","modified_gmt":"2025-01-24T08:53:23","slug":"lissmac-compactcut-300p","status":"publish","type":"product","link":"https:\/\/mdbouwmachines.be\/pl\/produkt\/lissmac-compactcut-300p\/","title":{"rendered":"Lissmac Compactcut 300P"},"content":{"rendered":"","protected":false},"excerpt":{"rendered":"<p>Seria COMPACTCUT 300 jest wyj\u0105tkowo szybka i elastyczna w zastosowaniu i obejmuje szerokie spektrum zada\u0144 zwi\u0105zanych z ci\u0119ciem. Kompaktowa i solidna konstrukcja serii COMPACTCUT 300 sprawia, \u017ce \u200b\u200burz\u0105dzenia te idealnie nadaj\u0105 si\u0119 do stosowania na ciasnych placach budowy. Standardowe natryskiwanie ko\u0142nierzy oszcz\u0119dza wod\u0119 i gwarantuje optymalne ch\u0142odzenie ostrza pi\u0142y. Gwarantuje to d\u0142u\u017csz\u0105 \u017cywotno\u015b\u0107 brzeszczotu. Maksymalna \u015brednica tarczy pi\u0142y 500mm. Jedyna mo\u017cliwo\u015b\u0107 ci\u0119cia po lewej stronie, co zapewnia d\u0142u\u017csz\u0105 \u017cywotno\u015b\u0107 silnika, gdy\u017c jest nara\u017cony na mniej kurzu.     <\/p>\n","protected":false},"featured_media":12580,"template":"","meta":{"_acf_changed":false},"product_brand":[1155],"product_cat":[332],"product_tag":[],"class_list":{"0":"post-12584","1":"product","2":"type-product","3":"status-publish","4":"has-post-thumbnail","6":"product_brand-lissmac-pl","7":"product_cat-pily-podlogowe","9":"first","10":"instock","11":"taxable","12":"shipping-taxable","13":"purchasable","14":"product-type-simple"},"acf":[],"_links":{"self":[{"href":"https:\/\/mdbouwmachines.be\/pl\/wp-json\/wp\/v2\/product\/12584","targetHints":{"allow":["GET"]}}],"collection":[{"href":"https:\/\/mdbouwmachines.be\/pl\/wp-json\/wp\/v2\/product"}],"about":[{"href":"https:\/\/mdbouwmachines.be\/pl\/wp-json\/wp\/v2\/types\/product"}],"wp:featuredmedia":[{"embeddable":true,"href":"https:\/\/mdbouwmachines.be\/pl\/wp-json\/wp\/v2\/media\/12580"}],"wp:attachment":[{"href":"https:\/\/mdbouwmachines.be\/pl\/wp-json\/wp\/v2\/media?parent=12584"}],"wp:term":[{"taxonomy":"product_brand","embeddable":true,"href":"https:\/\/mdbouwmachines.be\/pl\/wp-json\/wp\/v2\/product_brand?post=12584"},{"taxonomy":"product_cat","embeddable":true,"href":"https:\/\/mdbouwmachines.be\/pl\/wp-json\/wp\/v2\/product_cat?post=12584"},{"taxonomy":"product_tag","embeddable":true,"href":"https:\/\/mdbouwmachines.be\/pl\/wp-json\/wp\/v2\/product_tag?post=12584"}],"curies":[{"name":"wp","href":"https:\/\/api.w.org\/{rel}","templated":true}]}}