{"id":12570,"date":"2025-01-24T09:53:23","date_gmt":"2025-01-24T08:53:23","guid":{"rendered":"https:\/\/mdbouwmachines.be\/product\/tyrolit-fsg513\/"},"modified":"2025-01-24T09:53:23","modified_gmt":"2025-01-24T08:53:23","slug":"tyrolit-fsg513","status":"publish","type":"product","link":"https:\/\/mdbouwmachines.be\/pl\/produkt\/tyrolit-fsg513\/","title":{"rendered":"Tyrolit FSG513"},"content":{"rendered":"","protected":false},"excerpt":{"rendered":"<p>Doskona\u0142e rezultaty ci\u0119cia dzi\u0119ki inteligentnemu roz\u0142o\u017ceniu ci\u0119\u017caru. Maksymalna \u015brednica tarczy pi\u0142y wynosi 500 mm. Dzi\u0119ki niezwykle wytrzyma\u0142ej, wysokiej jako\u015bci obudowie pilarka FSG513 charakteryzuje si\u0119 du\u017c\u0105 \u0142adowno\u015bci\u0105 i du\u017c\u0105 elastyczno\u015bci\u0105 dzi\u0119ki funkcjom ci\u0119cia w lewo, w prawo oraz ci\u0119\u0107 pod kr\u00f3tkim k\u0105tem. Niezawodny silnik benzynowy Honda o mocy 13 KM jest wyposa\u017cony w filtr od\u015brodkowy.rn\u0141atwa w obs\u0142udze regulacja g\u0142\u0119boko\u015bci ci\u0119cia i wygodna kontrola pr\u0119dko\u015bci.rnZoptymalizowany \u015brodek ci\u0119\u017cko\u015bci nad osi\u0105.rnUniwersalne zastosowanie dzi\u0119ki funkcjom ci\u0119cia w lewo i w prawo.   <\/p>\n","protected":false},"featured_media":12566,"template":"","meta":{"_acf_changed":false},"product_brand":[1154],"product_cat":[332],"product_tag":[],"class_list":{"0":"post-12570","1":"product","2":"type-product","3":"status-publish","4":"has-post-thumbnail","6":"product_brand-tyrolit-pl","7":"product_cat-pily-podlogowe","9":"first","10":"instock","11":"taxable","12":"shipping-taxable","13":"purchasable","14":"product-type-simple"},"acf":[],"_links":{"self":[{"href":"https:\/\/mdbouwmachines.be\/pl\/wp-json\/wp\/v2\/product\/12570","targetHints":{"allow":["GET"]}}],"collection":[{"href":"https:\/\/mdbouwmachines.be\/pl\/wp-json\/wp\/v2\/product"}],"about":[{"href":"https:\/\/mdbouwmachines.be\/pl\/wp-json\/wp\/v2\/types\/product"}],"wp:featuredmedia":[{"embeddable":true,"href":"https:\/\/mdbouwmachines.be\/pl\/wp-json\/wp\/v2\/media\/12566"}],"wp:attachment":[{"href":"https:\/\/mdbouwmachines.be\/pl\/wp-json\/wp\/v2\/media?parent=12570"}],"wp:term":[{"taxonomy":"product_brand","embeddable":true,"href":"https:\/\/mdbouwmachines.be\/pl\/wp-json\/wp\/v2\/product_brand?post=12570"},{"taxonomy":"product_cat","embeddable":true,"href":"https:\/\/mdbouwmachines.be\/pl\/wp-json\/wp\/v2\/product_cat?post=12570"},{"taxonomy":"product_tag","embeddable":true,"href":"https:\/\/mdbouwmachines.be\/pl\/wp-json\/wp\/v2\/product_tag?post=12570"}],"curies":[{"name":"wp","href":"https:\/\/api.w.org\/{rel}","templated":true}]}}