{"id":12548,"date":"2025-01-24T10:53:46","date_gmt":"2025-01-24T09:53:46","guid":{"rendered":"https:\/\/mdbouwmachines.be\/product\/noz-do-kleju\/"},"modified":"2025-02-10T15:02:33","modified_gmt":"2025-02-10T14:02:33","slug":"noz-do-kleju","status":"publish","type":"product","link":"https:\/\/mdbouwmachines.be\/pl\/produkt\/noz-do-kleju\/","title":{"rendered":"N\u00f3\u017c do kleju"},"content":{"rendered":"","protected":false},"excerpt":{"rendered":"<p>No\u017ce klej\u0105ce w r\u00f3\u017cnych rozmiarach od renomowanej marki PAVAN.<\/p>\n","protected":false},"featured_media":12535,"template":"","meta":{"_acf_changed":false},"product_brand":[1182],"product_cat":[497],"product_tag":[],"class_list":{"0":"post-12548","1":"product","2":"type-product","3":"status-publish","4":"has-post-thumbnail","6":"product_brand-pavan-pl","7":"product_cat-narzedzia-reczne-i-narzedzia","9":"first","10":"instock","11":"taxable","12":"shipping-taxable","13":"purchasable","14":"product-type-variable","15":"has-default-attributes"},"acf":[],"_links":{"self":[{"href":"https:\/\/mdbouwmachines.be\/pl\/wp-json\/wp\/v2\/product\/12548","targetHints":{"allow":["GET"]}}],"collection":[{"href":"https:\/\/mdbouwmachines.be\/pl\/wp-json\/wp\/v2\/product"}],"about":[{"href":"https:\/\/mdbouwmachines.be\/pl\/wp-json\/wp\/v2\/types\/product"}],"wp:featuredmedia":[{"embeddable":true,"href":"https:\/\/mdbouwmachines.be\/pl\/wp-json\/wp\/v2\/media\/12535"}],"wp:attachment":[{"href":"https:\/\/mdbouwmachines.be\/pl\/wp-json\/wp\/v2\/media?parent=12548"}],"wp:term":[{"taxonomy":"product_brand","embeddable":true,"href":"https:\/\/mdbouwmachines.be\/pl\/wp-json\/wp\/v2\/product_brand?post=12548"},{"taxonomy":"product_cat","embeddable":true,"href":"https:\/\/mdbouwmachines.be\/pl\/wp-json\/wp\/v2\/product_cat?post=12548"},{"taxonomy":"product_tag","embeddable":true,"href":"https:\/\/mdbouwmachines.be\/pl\/wp-json\/wp\/v2\/product_tag?post=12548"}],"curies":[{"name":"wp","href":"https:\/\/api.w.org\/{rel}","templated":true}]}}