{"id":12530,"date":"2025-01-24T09:54:35","date_gmt":"2025-01-24T08:54:35","guid":{"rendered":"https:\/\/mdbouwmachines.be\/product\/pila-podlogowa-conmec-cc120-4\/"},"modified":"2025-01-24T09:54:35","modified_gmt":"2025-01-24T08:54:35","slug":"pila-podlogowa-conmec-cc120-4","status":"publish","type":"product","link":"https:\/\/mdbouwmachines.be\/pl\/produkt\/pila-podlogowa-conmec-cc120-4\/","title":{"rendered":"Pi\u0142a pod\u0142ogowa Conmec cc120 \u2013 4"},"content":{"rendered":"","protected":false},"excerpt":{"rendered":"<ul>\n<li>\n<p>Silnik: Honda GX160<\/p>\n<\/li>\n<li>\n<p>Moc: 4,0 kW, 5,5 KM<\/p>\n<\/li>\n<li>\n<p>Waga: 52 kg<\/p>\n<\/li>\n<li>\n<p>Maks. g\u0142\u0119boko\u015b\u0107 ci\u0119cia: 9 cm<\/p>\n<\/li>\n<li>\n<p>Rozmiar ostrza: 25-30 cm<\/p>\n<\/li>\n<li>\n<p>Pojemno\u015b\u0107 zbiornika na wod\u0119: 16 l<\/p>\n<\/li>\n<\/ul>\n","protected":false},"featured_media":12526,"template":"","meta":{"_acf_changed":false},"product_brand":[1219],"product_cat":[332],"product_tag":[],"class_list":{"0":"post-12530","1":"product","2":"type-product","3":"status-publish","4":"has-post-thumbnail","6":"product_brand-conmec-pl","7":"product_cat-pily-podlogowe","9":"first","10":"instock","11":"taxable","12":"shipping-taxable","13":"purchasable","14":"product-type-simple"},"acf":[],"_links":{"self":[{"href":"https:\/\/mdbouwmachines.be\/pl\/wp-json\/wp\/v2\/product\/12530","targetHints":{"allow":["GET"]}}],"collection":[{"href":"https:\/\/mdbouwmachines.be\/pl\/wp-json\/wp\/v2\/product"}],"about":[{"href":"https:\/\/mdbouwmachines.be\/pl\/wp-json\/wp\/v2\/types\/product"}],"wp:featuredmedia":[{"embeddable":true,"href":"https:\/\/mdbouwmachines.be\/pl\/wp-json\/wp\/v2\/media\/12526"}],"wp:attachment":[{"href":"https:\/\/mdbouwmachines.be\/pl\/wp-json\/wp\/v2\/media?parent=12530"}],"wp:term":[{"taxonomy":"product_brand","embeddable":true,"href":"https:\/\/mdbouwmachines.be\/pl\/wp-json\/wp\/v2\/product_brand?post=12530"},{"taxonomy":"product_cat","embeddable":true,"href":"https:\/\/mdbouwmachines.be\/pl\/wp-json\/wp\/v2\/product_cat?post=12530"},{"taxonomy":"product_tag","embeddable":true,"href":"https:\/\/mdbouwmachines.be\/pl\/wp-json\/wp\/v2\/product_tag?post=12530"}],"curies":[{"name":"wp","href":"https:\/\/api.w.org\/{rel}","templated":true}]}}