{"id":12475,"date":"2025-02-06T15:20:10","date_gmt":"2025-02-06T14:20:10","guid":{"rendered":"https:\/\/mdbouwmachines.be\/product\/arkusze-robocze\/"},"modified":"2025-02-18T14:46:47","modified_gmt":"2025-02-18T13:46:47","slug":"arkusze-robocze","status":"publish","type":"product","link":"https:\/\/mdbouwmachines.be\/pl\/produkt\/arkusze-robocze\/","title":{"rendered":"Arkusze robocze"},"content":{"rendered":"","protected":false},"excerpt":{"rendered":"<p>No\u017ce do wst\u0119pnej obr\u00f3bki, odpowiednie dla <strong>Barikell<\/strong> .<\/p>\n<p>Dost\u0119pne w kilku typach:<br \/><strong>4-80<\/strong><br \/><strong>90: L\/P<\/strong><br \/><strong>120: L\/P<\/strong><\/p>\n<p>Wysokiej jako\u015bci stop pozwala na wyko\u0144czenie wi\u0119kszej powierzchni ni\u017c w przypadku standardowych marek. Czasami powierzchnia jest dwukrotnie wi\u0119ksza! <br \/>Dzi\u0119ki temu zmniejszaj\u0105 si\u0119 koszty w przeliczeniu na m\u00b2 i skraca si\u0119 czas potrzebny na zmian\u0119.<\/p>\n<p><strong>Spakowane po 4 sztuki.<\/strong><\/p>\n","protected":false},"featured_media":12447,"template":"","meta":{"_acf_changed":false},"product_brand":[1126],"product_cat":[482],"product_tag":[],"class_list":{"0":"post-12475","1":"product","2":"type-product","3":"status-publish","4":"has-post-thumbnail","6":"product_brand-barikell-pl","7":"product_cat-arkusze-robocze","9":"first","10":"instock","11":"taxable","12":"shipping-taxable","13":"purchasable","14":"product-type-variable","15":"has-default-attributes"},"acf":[],"_links":{"self":[{"href":"https:\/\/mdbouwmachines.be\/pl\/wp-json\/wp\/v2\/product\/12475","targetHints":{"allow":["GET"]}}],"collection":[{"href":"https:\/\/mdbouwmachines.be\/pl\/wp-json\/wp\/v2\/product"}],"about":[{"href":"https:\/\/mdbouwmachines.be\/pl\/wp-json\/wp\/v2\/types\/product"}],"wp:featuredmedia":[{"embeddable":true,"href":"https:\/\/mdbouwmachines.be\/pl\/wp-json\/wp\/v2\/media\/12447"}],"wp:attachment":[{"href":"https:\/\/mdbouwmachines.be\/pl\/wp-json\/wp\/v2\/media?parent=12475"}],"wp:term":[{"taxonomy":"product_brand","embeddable":true,"href":"https:\/\/mdbouwmachines.be\/pl\/wp-json\/wp\/v2\/product_brand?post=12475"},{"taxonomy":"product_cat","embeddable":true,"href":"https:\/\/mdbouwmachines.be\/pl\/wp-json\/wp\/v2\/product_cat?post=12475"},{"taxonomy":"product_tag","embeddable":true,"href":"https:\/\/mdbouwmachines.be\/pl\/wp-json\/wp\/v2\/product_tag?post=12475"}],"curies":[{"name":"wp","href":"https:\/\/api.w.org\/{rel}","templated":true}]}}