{"id":12362,"date":"2025-02-06T13:19:40","date_gmt":"2025-02-06T12:19:40","guid":{"rendered":"https:\/\/mdbouwmachines.be\/product\/konmek-60\/"},"modified":"2025-06-23T12:35:18","modified_gmt":"2025-06-23T11:35:18","slug":"konmek-60","status":"publish","type":"product","link":"https:\/\/mdbouwmachines.be\/pl\/produkt\/konmek-60\/","title":{"rendered":"CONMEC 60 Wyka\u0144czacz kraw\u0119dzi"},"content":{"rendered":"\n<hr class=\"wp-block-separator has-alpha-channel-opacity is-style-dots\" \/>\n\n<h2 class=\"wp-block-heading\">Definicja<\/h2>\n\n<p>Wyko\u0144czenie kraw\u0119dzi 60 marki Conmec. Jedna z ci\u0119\u017cszych maszyn w swojej klasie, a przez to bardziej wytrzyma\u0142a. Wyposa\u017cony w Hond\u0119 GX200\/6,5 KM. Ta maszyna nie ma styk\u00f3w motylkowych, ale wy\u0142\u0105cznik czuwakowy i jest wyposa\u017cona w przedni\u0105 tarcz\u0119 robocz\u0105, zestaw przek\u0142adni i hak do podnoszenia.   <\/p>\n\n<hr class=\"wp-block-separator has-alpha-channel-opacity\" \/>\n\n<h2 class=\"wp-block-heading\">Kluczowe cechy<\/h2>\n\n<ul class=\"wp-block-list\">\n<li>Niskie zu\u017cycie paliwa i wydajna praca<\/li>\n\n\n\n<li>\u0141atwy w u\u017cyciu i konserwacji<\/li>\n\n\n\n<li>Silnik benzynowy Honda GX200 6,5 KM<\/li>\n\n\n\n<li>Ci\u0119\u017csza, wytrzyma\u0142a maszyna<\/li>\n\n\n\n<li>Zawiera przedni\u0105 tarcz\u0119 robocz\u0105, zestaw narz\u0119dzi i hak do podnoszenia<\/li>\n<\/ul>\n\n<hr class=\"wp-block-separator has-alpha-channel-opacity\" \/>\n\n<h2 class=\"wp-block-heading\">Informacje techniczne<\/h2>\n\n<h3 class=\"wp-block-heading\"><strong>Og\u00f3lne<\/strong><\/h3>\n\n<figure class=\"wp-block-table\"><table class=\"has-fixed-layout\"><tbody><tr><td>Silnik<\/td><td>Honda GX200 \u2013 benzyna<\/td><\/tr><tr><td>Zdolno\u015b\u0107<\/td><td>6,5 KM<\/td><\/tr><tr><td>\u015arednica robocza<\/td><td>60 cm<\/td><\/tr><\/tbody><\/table><\/figure>\n\n<h3 class=\"wp-block-heading\">Wymiary<\/h3>\n\n<figure class=\"wp-block-table\"><table class=\"has-fixed-layout\"><tbody><tr><td>D\u0142ugo\u015b\u0107 (mm)<\/td><td>1560<\/td><\/tr><tr><td>Szeroko\u015b\u0107 (mm)<\/td><td>610<\/td><\/tr><tr><td>Wysoko\u015b\u0107 (mm)<\/td><td>950<\/td><\/tr><tr><td>Waga (kg)<\/td><td>60 (\u00b1)<\/td><\/tr><\/tbody><\/table><\/figure>\n\n<hr class=\"wp-block-separator has-alpha-channel-opacity is-style-dots\" \/>\n","protected":false},"excerpt":{"rendered":"<p>Wyko\u0144czenie kraw\u0119dzi 60 marki Conmec. Jedna z ci\u0119\u017cszych maszyn w swojej klasie, a przez to bardziej wytrzyma\u0142a.<br \/>W zestawie przednia tarcza robocza, zestaw narz\u0119dzi i hak do podnoszenia. <\/p>\n","protected":false},"featured_media":12486,"template":"","meta":{"_acf_changed":false},"product_brand":[1219],"product_cat":[434],"product_tag":[],"class_list":{"0":"post-12362","1":"product","2":"type-product","3":"status-publish","4":"has-post-thumbnail","6":"product_brand-conmec-pl","7":"product_cat-wykanczacze-krawedzi","9":"first","10":"instock","11":"taxable","12":"shipping-taxable","13":"purchasable","14":"product-type-simple"},"acf":[],"_links":{"self":[{"href":"https:\/\/mdbouwmachines.be\/pl\/wp-json\/wp\/v2\/product\/12362","targetHints":{"allow":["GET"]}}],"collection":[{"href":"https:\/\/mdbouwmachines.be\/pl\/wp-json\/wp\/v2\/product"}],"about":[{"href":"https:\/\/mdbouwmachines.be\/pl\/wp-json\/wp\/v2\/types\/product"}],"wp:featuredmedia":[{"embeddable":true,"href":"https:\/\/mdbouwmachines.be\/pl\/wp-json\/wp\/v2\/media\/12486"}],"wp:attachment":[{"href":"https:\/\/mdbouwmachines.be\/pl\/wp-json\/wp\/v2\/media?parent=12362"}],"wp:term":[{"taxonomy":"product_brand","embeddable":true,"href":"https:\/\/mdbouwmachines.be\/pl\/wp-json\/wp\/v2\/product_brand?post=12362"},{"taxonomy":"product_cat","embeddable":true,"href":"https:\/\/mdbouwmachines.be\/pl\/wp-json\/wp\/v2\/product_cat?post=12362"},{"taxonomy":"product_tag","embeddable":true,"href":"https:\/\/mdbouwmachines.be\/pl\/wp-json\/wp\/v2\/product_tag?post=12362"}],"curies":[{"name":"wp","href":"https:\/\/api.w.org\/{rel}","templated":true}]}}