{"id":12330,"date":"2025-01-24T09:53:24","date_gmt":"2025-01-24T08:53:24","guid":{"rendered":"https:\/\/mdbouwmachines.be\/product\/soff-cut-150\/"},"modified":"2025-01-24T09:53:24","modified_gmt":"2025-01-24T08:53:24","slug":"soff-cut-150","status":"publish","type":"product","link":"https:\/\/mdbouwmachines.be\/pl\/produkt\/soff-cut-150\/","title":{"rendered":"SOFF-CUT 150"},"content":{"rendered":"","protected":false},"excerpt":{"rendered":"<p>Pilarka spalinowa Husqvarna Soff-Cut 150 przeznaczona jest do lekkich zastosowa\u0144 komercyjnych i prywatnych. Model 150 jest najl\u017cejsz\u0105 pi\u0142\u0105 spalinow\u0105 w ofercie Soff-Cut i zosta\u0142 zaprojektowany z my\u015bl\u0105 o \u0142atwo\u015bci u\u017cytkowania i komforcie. Jedn\u0105 z jego cech jest obudowa z \u0142opatkami t\u0142umi\u0105cymi d\u017awi\u0119k, dzi\u0119ki czemu urz\u0105dzenie mo\u017cna stosowa\u0107 wewn\u0105trz pomieszcze\u0144, powoduj\u0105c minimalne zak\u0142\u00f3cenia. Ponadto pi\u0142\u0105 t\u0105 mo\u017cna ci\u0105\u0107 na sucho, poniewa\u017c system blokowania ostrza wytwarza bardzo ma\u0142o py\u0142u. Dzi\u0119ki temu ilo\u015b\u0107 odpad\u00f3w resztkowych jest ograniczona do minimum, a czyszczenie staje si\u0119 bardzo \u0142atwe.    <\/p>\n","protected":false},"featured_media":9133,"template":"","meta":{"_acf_changed":false},"product_brand":[1160],"product_cat":[332],"product_tag":[],"class_list":{"0":"post-12330","1":"product","2":"type-product","3":"status-publish","4":"has-post-thumbnail","6":"product_brand-husqvarna-pl","7":"product_cat-pily-podlogowe","9":"first","10":"instock","11":"taxable","12":"shipping-taxable","13":"purchasable","14":"product-type-simple"},"acf":[],"_links":{"self":[{"href":"https:\/\/mdbouwmachines.be\/pl\/wp-json\/wp\/v2\/product\/12330","targetHints":{"allow":["GET"]}}],"collection":[{"href":"https:\/\/mdbouwmachines.be\/pl\/wp-json\/wp\/v2\/product"}],"about":[{"href":"https:\/\/mdbouwmachines.be\/pl\/wp-json\/wp\/v2\/types\/product"}],"wp:featuredmedia":[{"embeddable":true,"href":"https:\/\/mdbouwmachines.be\/pl\/wp-json\/wp\/v2\/media\/9133"}],"wp:attachment":[{"href":"https:\/\/mdbouwmachines.be\/pl\/wp-json\/wp\/v2\/media?parent=12330"}],"wp:term":[{"taxonomy":"product_brand","embeddable":true,"href":"https:\/\/mdbouwmachines.be\/pl\/wp-json\/wp\/v2\/product_brand?post=12330"},{"taxonomy":"product_cat","embeddable":true,"href":"https:\/\/mdbouwmachines.be\/pl\/wp-json\/wp\/v2\/product_cat?post=12330"},{"taxonomy":"product_tag","embeddable":true,"href":"https:\/\/mdbouwmachines.be\/pl\/wp-json\/wp\/v2\/product_tag?post=12330"}],"curies":[{"name":"wp","href":"https:\/\/api.w.org\/{rel}","templated":true}]}}