{"id":12304,"date":"2025-02-03T17:31:17","date_gmt":"2025-02-03T16:31:17","guid":{"rendered":"https:\/\/mdbouwmachines.be\/product\/pila-podlogowa-fl20\/"},"modified":"2025-02-03T17:31:17","modified_gmt":"2025-02-03T16:31:17","slug":"pila-podlogowa-fl20","status":"publish","type":"product","link":"https:\/\/mdbouwmachines.be\/pl\/produkt\/pila-podlogowa-fl20\/","title":{"rendered":"Pi\u0142a pod\u0142ogowa FL20"},"content":{"rendered":"","protected":false},"excerpt":{"rendered":"<p>Przecinarka samochodowa marki Barikell, specjalnie zaprojektowana do \u015bwie\u017cego betonu. Os\u0142ona pi\u0142y o maksymalnej \u015brednicy 450, umieszczona bardzo blisko \u015bciany.<br \/> Dodatkowe \u015bwiat\u0142o, umieszczone w wybranym przez Ciebie miejscu, zapewniaj\u0105ce najlepsz\u0105 widoczno\u015b\u0107, z mocnymi magnesami.<br \/> \u0141atwiejszy, szybszy system wodny, \u0142atwy w demonta\u017cu.<br \/> Silnik Vanguard o mocy 35 KM z cyklonowym systemem filtracji powietrza zapewniaj\u0105cym lepsz\u0105 wydajno\u015b\u0107 silnika.<br \/> Elektrycznie w g\u00f3r\u0119 i w d\u00f3\u0142. Ta maszyna jest o 5 cm szersza i 5 cm d\u0142u\u017csza w podwoziu ni\u017c Floor 10.  <\/p>\n","protected":false},"featured_media":12575,"template":"","meta":{"_acf_changed":false},"product_brand":[1126],"product_cat":[332],"product_tag":[],"class_list":{"0":"post-12304","1":"product","2":"type-product","3":"status-publish","4":"has-post-thumbnail","6":"product_brand-barikell-pl","7":"product_cat-pily-podlogowe","9":"first","10":"instock","11":"taxable","12":"shipping-taxable","13":"purchasable","14":"product-type-simple"},"acf":[],"_links":{"self":[{"href":"https:\/\/mdbouwmachines.be\/pl\/wp-json\/wp\/v2\/product\/12304","targetHints":{"allow":["GET"]}}],"collection":[{"href":"https:\/\/mdbouwmachines.be\/pl\/wp-json\/wp\/v2\/product"}],"about":[{"href":"https:\/\/mdbouwmachines.be\/pl\/wp-json\/wp\/v2\/types\/product"}],"wp:featuredmedia":[{"embeddable":true,"href":"https:\/\/mdbouwmachines.be\/pl\/wp-json\/wp\/v2\/media\/12575"}],"wp:attachment":[{"href":"https:\/\/mdbouwmachines.be\/pl\/wp-json\/wp\/v2\/media?parent=12304"}],"wp:term":[{"taxonomy":"product_brand","embeddable":true,"href":"https:\/\/mdbouwmachines.be\/pl\/wp-json\/wp\/v2\/product_brand?post=12304"},{"taxonomy":"product_cat","embeddable":true,"href":"https:\/\/mdbouwmachines.be\/pl\/wp-json\/wp\/v2\/product_cat?post=12304"},{"taxonomy":"product_tag","embeddable":true,"href":"https:\/\/mdbouwmachines.be\/pl\/wp-json\/wp\/v2\/product_tag?post=12304"}],"curies":[{"name":"wp","href":"https:\/\/api.w.org\/{rel}","templated":true}]}}