{"id":12289,"date":"2025-02-03T17:23:13","date_gmt":"2025-02-03T16:23:13","guid":{"rendered":"https:\/\/mdbouwmachines.be\/product\/pila-podlogowa-fl10\/"},"modified":"2025-02-06T00:54:53","modified_gmt":"2025-02-05T23:54:53","slug":"pila-podlogowa-fl10","status":"publish","type":"product","link":"https:\/\/mdbouwmachines.be\/pl\/produkt\/pila-podlogowa-fl10\/","title":{"rendered":"Pi\u0142a pod\u0142ogowa FL10"},"content":{"rendered":"","protected":false},"excerpt":{"rendered":"<p>Przecinarka samochodowa marki Barikell, specjalnie zaprojektowana do \u015bwie\u017cego betonu. Os\u0142ona pi\u0142y o maksymalnej \u015brednicy 450, umieszczona bardzo blisko \u015bciany.<br \/> Dodatkowe \u015bwiat\u0142o, umieszczone w wybranym przez Ciebie miejscu, zapewniaj\u0105ce najlepsz\u0105 widoczno\u015b\u0107, z mocnymi magnesami.<br \/> \u0141atwiejszy, szybszy system wodny, \u0142atwy w demonta\u017cu.<br \/> Wyposa\u017cony w silnik Honda gx690 lub Vanguard o mocy 23 KM, oba wyposa\u017cone w cyklonowy system filtracji powietrza zapewniaj\u0105cy lepsz\u0105 wydajno\u015b\u0107 silnika.<br \/> Mo\u017cliwo\u015b\u0107 wyboru pompy r\u0119cznej lub elektrycznej. <\/p>\n","protected":false},"featured_media":12242,"template":"","meta":{"_acf_changed":false},"product_brand":[1126],"product_cat":[332],"product_tag":[],"class_list":{"0":"post-12289","1":"product","2":"type-product","3":"status-publish","4":"has-post-thumbnail","6":"product_brand-barikell-pl","7":"product_cat-pily-podlogowe","9":"first","10":"instock","11":"taxable","12":"shipping-taxable","13":"purchasable","14":"product-type-variable","15":"has-default-attributes"},"acf":[],"_links":{"self":[{"href":"https:\/\/mdbouwmachines.be\/pl\/wp-json\/wp\/v2\/product\/12289","targetHints":{"allow":["GET"]}}],"collection":[{"href":"https:\/\/mdbouwmachines.be\/pl\/wp-json\/wp\/v2\/product"}],"about":[{"href":"https:\/\/mdbouwmachines.be\/pl\/wp-json\/wp\/v2\/types\/product"}],"wp:featuredmedia":[{"embeddable":true,"href":"https:\/\/mdbouwmachines.be\/pl\/wp-json\/wp\/v2\/media\/12242"}],"wp:attachment":[{"href":"https:\/\/mdbouwmachines.be\/pl\/wp-json\/wp\/v2\/media?parent=12289"}],"wp:term":[{"taxonomy":"product_brand","embeddable":true,"href":"https:\/\/mdbouwmachines.be\/pl\/wp-json\/wp\/v2\/product_brand?post=12289"},{"taxonomy":"product_cat","embeddable":true,"href":"https:\/\/mdbouwmachines.be\/pl\/wp-json\/wp\/v2\/product_cat?post=12289"},{"taxonomy":"product_tag","embeddable":true,"href":"https:\/\/mdbouwmachines.be\/pl\/wp-json\/wp\/v2\/product_tag?post=12289"}],"curies":[{"name":"wp","href":"https:\/\/api.w.org\/{rel}","templated":true}]}}