{"id":12196,"date":"2025-01-24T10:54:50","date_gmt":"2025-01-24T09:54:50","guid":{"rendered":"https:\/\/mdbouwmachines.be\/product\/pal-4-75\/"},"modified":"2025-02-18T14:47:09","modified_gmt":"2025-02-18T13:47:09","slug":"pal-4-75","status":"publish","type":"product","link":"https:\/\/mdbouwmachines.be\/pl\/produkt\/pal-4-75\/","title":{"rendered":"PAL 4-75"},"content":{"rendered":"","protected":false},"excerpt":{"rendered":"<p>Zestaw odk\u0142adnic (4 sztuki), pasuj\u0105cych do obrabiarek o \u015brednicy 75 prawie wszystkich marek, takich jak <strong>Barikell, Whiteman, Wacker, BetonTrowel, BTC, B-mac, Bartell, AB Lindec<\/strong> itp.<\/p>\n<p>Wysokiej jako\u015bci stop pozwala na wyko\u0144czenie wi\u0119kszej powierzchni ni\u017c w przypadku standardowych marek. Czasami powierzchnia jest dwukrotnie wi\u0119ksza! <br \/>Dzi\u0119ki temu zmniejszaj\u0105 si\u0119 koszty w przeliczeniu na m\u00b2 i skraca si\u0119 czas potrzebny na zmian\u0119.<\/p>\n<p><strong>Spakowane po 4 sztuki.<\/strong><\/p>\n","protected":false},"featured_media":15651,"template":"","meta":{"_acf_changed":false},"product_brand":[1126,1219,1131],"product_cat":[408],"product_tag":[],"class_list":{"0":"post-12196","1":"product","2":"type-product","3":"status-publish","4":"has-post-thumbnail","6":"product_brand-barikell-pl","7":"product_brand-conmec-pl","8":"product_brand-md-bouwmachines-pl","9":"product_cat-arkusze-wykonczeniowe","10":"pa_merk-barikell-pl","11":"pa_merk-conmec-pl","12":"pa_merk-mdb-blue-steel-pl","13":"pa_merk-mdb-zaokraglony","15":"first","16":"instock","17":"taxable","18":"shipping-taxable","19":"purchasable","20":"product-type-variable","21":"has-default-attributes"},"acf":[],"_links":{"self":[{"href":"https:\/\/mdbouwmachines.be\/pl\/wp-json\/wp\/v2\/product\/12196","targetHints":{"allow":["GET"]}}],"collection":[{"href":"https:\/\/mdbouwmachines.be\/pl\/wp-json\/wp\/v2\/product"}],"about":[{"href":"https:\/\/mdbouwmachines.be\/pl\/wp-json\/wp\/v2\/types\/product"}],"wp:featuredmedia":[{"embeddable":true,"href":"https:\/\/mdbouwmachines.be\/pl\/wp-json\/wp\/v2\/media\/15651"}],"wp:attachment":[{"href":"https:\/\/mdbouwmachines.be\/pl\/wp-json\/wp\/v2\/media?parent=12196"}],"wp:term":[{"taxonomy":"product_brand","embeddable":true,"href":"https:\/\/mdbouwmachines.be\/pl\/wp-json\/wp\/v2\/product_brand?post=12196"},{"taxonomy":"product_cat","embeddable":true,"href":"https:\/\/mdbouwmachines.be\/pl\/wp-json\/wp\/v2\/product_cat?post=12196"},{"taxonomy":"product_tag","embeddable":true,"href":"https:\/\/mdbouwmachines.be\/pl\/wp-json\/wp\/v2\/product_tag?post=12196"}],"curies":[{"name":"wp","href":"https:\/\/api.w.org\/{rel}","templated":true}]}}