{"id":12176,"date":"2025-02-03T16:37:30","date_gmt":"2025-02-03T15:37:30","guid":{"rendered":"https:\/\/mdbouwmachines.be\/product\/rozszerzacz\/"},"modified":"2025-02-03T16:37:30","modified_gmt":"2025-02-03T15:37:30","slug":"rozszerzacz","status":"publish","type":"product","link":"https:\/\/mdbouwmachines.be\/pl\/produkt\/rozszerzacz\/","title":{"rendered":"Rozszerzacz"},"content":{"rendered":"","protected":false},"excerpt":{"rendered":"<p>Maszyna do rozprowadzania wst\u0119pnie zmieszanego kwarcu z r\u0119cznym posuwem. Wyposa\u017cony w jednostk\u0119 dozuj\u0105c\u0105. D\u0142ugo\u015b\u0107 1m (1m30 z oponami), szeroko\u015b\u0107 48cm, wysoko\u015b\u0107 65cm  <\/p>\n","protected":false},"featured_media":12137,"template":"","meta":{"_acf_changed":false},"product_brand":[1126],"product_cat":[421],"product_tag":[],"class_list":{"0":"post-12176","1":"product","2":"type-product","3":"status-publish","4":"has-post-thumbnail","6":"product_brand-barikell-pl","7":"product_cat-rozszerzacz","9":"first","10":"instock","11":"taxable","12":"shipping-taxable","13":"purchasable","14":"product-type-simple"},"acf":[],"_links":{"self":[{"href":"https:\/\/mdbouwmachines.be\/pl\/wp-json\/wp\/v2\/product\/12176","targetHints":{"allow":["GET"]}}],"collection":[{"href":"https:\/\/mdbouwmachines.be\/pl\/wp-json\/wp\/v2\/product"}],"about":[{"href":"https:\/\/mdbouwmachines.be\/pl\/wp-json\/wp\/v2\/types\/product"}],"wp:featuredmedia":[{"embeddable":true,"href":"https:\/\/mdbouwmachines.be\/pl\/wp-json\/wp\/v2\/media\/12137"}],"wp:attachment":[{"href":"https:\/\/mdbouwmachines.be\/pl\/wp-json\/wp\/v2\/media?parent=12176"}],"wp:term":[{"taxonomy":"product_brand","embeddable":true,"href":"https:\/\/mdbouwmachines.be\/pl\/wp-json\/wp\/v2\/product_brand?post=12176"},{"taxonomy":"product_cat","embeddable":true,"href":"https:\/\/mdbouwmachines.be\/pl\/wp-json\/wp\/v2\/product_cat?post=12176"},{"taxonomy":"product_tag","embeddable":true,"href":"https:\/\/mdbouwmachines.be\/pl\/wp-json\/wp\/v2\/product_tag?post=12176"}],"curies":[{"name":"wp","href":"https:\/\/api.w.org\/{rel}","templated":true}]}}