{"id":12169,"date":"2025-02-03T16:30:28","date_gmt":"2025-02-03T15:30:28","guid":{"rendered":"https:\/\/mdbouwmachines.be\/product\/okolo-120\/"},"modified":"2025-06-23T12:35:12","modified_gmt":"2025-06-23T11:35:12","slug":"okolo-120","status":"publish","type":"product","link":"https:\/\/mdbouwmachines.be\/pl\/produkt\/okolo-120\/","title":{"rendered":"BARIKELL Pojedynczy 120"},"content":{"rendered":"\n<h2 class=\"wp-block-heading\">Definicja<\/h2>\n\n<p>Polerka z pojedyncz\u0105 120 d\u0142ug\u0105 r\u0119koje\u015bci\u0105, wyposa\u017cona w silnik Honda GX390 o mocy 13 KM. Moc silnika przenoszona jest za po\u015brednictwem sprz\u0119g\u0142a od\u015brodkowego poprzez dwa paski klinowe do skrzyni bieg\u00f3w. <\/p>\n\n<p>Wyposa\u017cony w d\u0142u\u017csz\u0105 kierownic\u0119, kt\u00f3ra tworzy wi\u0119ksz\u0105 d\u017awigni\u0119. Dzi\u0119ki temu maszyna jest nadal \u0142atwa w obs\u0142udze, pomimo zwi\u0119kszonej mocy. <\/p>\n\n<p>Single 120 jest r\u00f3wnie\u017c zawsze wyposa\u017cony w otwierane podwozie. W ten spos\u00f3b ostrza mo\u017cna \u0142atwo wymieni\u0107. <\/p>\n\n<hr class=\"wp-block-separator has-alpha-channel-opacity\" \/>\n\n<h2 class=\"wp-block-heading\">Informacje techniczne<\/h2>\n\n<h3 class=\"wp-block-heading\"><strong>Og\u00f3lne<\/strong><\/h3>\n\n<figure class=\"wp-block-table\"><table class=\"has-fixed-layout\"><tbody><tr><td>\u015arednica robocza<\/td><td>120 cm<\/td><\/tr><\/tbody><\/table><\/figure>\n\n<h3 class=\"wp-block-heading\"><strong>Wymiary<\/strong><\/h3>\n\n<figure class=\"wp-block-table\"><table class=\"has-fixed-layout\"><tbody><tr><td>D\u0142ugo\u015b\u0107 (mm)<\/td><td>1880<\/td><\/tr><tr><td>Szeroko\u015b\u0107 (mm)<\/td><td>1280<\/td><\/tr><tr><td>Wysoko\u015b\u0107 (mm)<\/td><td>960<\/td><\/tr><tr><td>Waga (kg)<\/td><td>104 (\u00b1)<\/td><\/tr><\/tbody><\/table><\/figure>\n","protected":false},"excerpt":{"rendered":"<p>Oko\u0142o 120 maszyna do polerowania firmy Barikell wyposa\u017cona w silnik Hondy GX390 o mocy 13 KM. Ze wzgl\u0119du na zwi\u0119kszon\u0105 moc, ta maszyna do polerowania ma d\u0142ug\u0105 kierownic\u0119, dzi\u0119ki czemu jest nadal \u0142atwa w obs\u0142udze.<br \/>Zawiera dwuosobowy system podnoszenia i hak do podnoszenia. <\/p>\n","protected":false},"featured_media":12126,"template":"","meta":{"_acf_changed":false},"product_brand":[1126],"product_cat":[357],"product_tag":[],"class_list":{"0":"post-12169","1":"product","2":"type-product","3":"status-publish","4":"has-post-thumbnail","6":"product_brand-barikell-pl","7":"product_cat-niektore-maszyny-polerskie","9":"first","10":"instock","11":"taxable","12":"shipping-taxable","13":"purchasable","14":"product-type-simple"},"acf":[],"_links":{"self":[{"href":"https:\/\/mdbouwmachines.be\/pl\/wp-json\/wp\/v2\/product\/12169","targetHints":{"allow":["GET"]}}],"collection":[{"href":"https:\/\/mdbouwmachines.be\/pl\/wp-json\/wp\/v2\/product"}],"about":[{"href":"https:\/\/mdbouwmachines.be\/pl\/wp-json\/wp\/v2\/types\/product"}],"wp:featuredmedia":[{"embeddable":true,"href":"https:\/\/mdbouwmachines.be\/pl\/wp-json\/wp\/v2\/media\/12126"}],"wp:attachment":[{"href":"https:\/\/mdbouwmachines.be\/pl\/wp-json\/wp\/v2\/media?parent=12169"}],"wp:term":[{"taxonomy":"product_brand","embeddable":true,"href":"https:\/\/mdbouwmachines.be\/pl\/wp-json\/wp\/v2\/product_brand?post=12169"},{"taxonomy":"product_cat","embeddable":true,"href":"https:\/\/mdbouwmachines.be\/pl\/wp-json\/wp\/v2\/product_cat?post=12169"},{"taxonomy":"product_tag","embeddable":true,"href":"https:\/\/mdbouwmachines.be\/pl\/wp-json\/wp\/v2\/product_tag?post=12169"}],"curies":[{"name":"wp","href":"https:\/\/api.w.org\/{rel}","templated":true}]}}